{"id":304959,"date":"2024-07-04T13:16:55","date_gmt":"2024-07-04T16:16:55","guid":{"rendered":"https:\/\/www.livrariarema.com.br\/loja\/produtos\/sem%20categoria\/ateismo-no-banco-dos-reus-louis-markos\/"},"modified":"2024-12-03T12:12:29","modified_gmt":"2024-12-03T15:12:29","slug":"ateismo-no-banco-dos-reus-louis-markos","status":"publish","type":"product","link":"https:\/\/www.livrariarema.com.br\/loja\/produtos\/livros\/vida-crista\/ateismo-no-banco-dos-reus-louis-markos\/","title":{"rendered":"Ate\u00edsmo No Banco Dos Reus &#8211; Louis Markos"},"content":{"rendered":"<p>Tenha as respostas de que voc\u00ea precisa para refutar mesmo os questionamentos mais dif\u00edceis contra a f\u00e9 crist\u00e3.<\/p>\n<p>Os ateus t\u00eam levantado novos ataques contra a cristandade e a f\u00e9 em Deus. Por vezes, \u00e9 dif\u00edcil lidar com tantas afrontas daqueles que se dizem iluminados, cientistas habilidosos e detentores de uma cosmovis\u00e3o evolu\u00edda. Como responder com precis\u00e3o a argumentos que se levantam contra a f\u00e9 crist\u00e3?<\/p>\n<p>Com uma clareza surpreendente, o Dr. Louis Markos confronta as reivindica\u00e7\u00f5es propostas pelos ateus modernos de que h\u00e1 novas evid\u00eancias que refutam a exist\u00eancia de Deus. Na verdade, o leitor perceber\u00e1 que as &#8220;provas&#8221; apresentadas n\u00e3o s\u00e3o t\u00e3o inovadoras assim. Pelo contr\u00e1rio, os ateus hoje reciclam afirma\u00e7\u00f5es que j\u00e1 foram refutadas por pensadores crist\u00e3os do passado: tentativas que podem ser silenciadas hoje com a mesma l\u00f3gica s\u00f3lida do passado.<\/p>\n<p>Com este livro, voc\u00ea ter\u00e1 argumentos para defender a f\u00e9 crist\u00e3 de convic\u00e7\u00f5es e cren\u00e7as h\u00e1 tanto arraigadas no cora\u00e7\u00e3o humano. Portanto, saiba com confian\u00e7a que o julgamento da opini\u00e3o p\u00fablica contra a verdade universal j\u00e1 foi decidido &#8211; e Deus \u00e9 o vencedor.<\/p>\n","protected":false},"excerpt":{"rendered":"<p>Tenha as respostas de que voc\u00ea precisa para refutar mesmo os questionamentos mais dif\u00edceis contra a f\u00e9 crist\u00e3. Os ateus&hellip;<\/p>\n","protected":false},"featured_media":324271,"comment_status":"open","ping_status":"closed","template":"","meta":[],"product_cat":[134,137],"product_tag":[],"_links":{"self":[{"href":"https:\/\/www.livrariarema.com.br\/loja\/wp-json\/wp\/v2\/product\/304959"}],"collection":[{"href":"https:\/\/www.livrariarema.com.br\/loja\/wp-json\/wp\/v2\/product"}],"about":[{"href":"https:\/\/www.livrariarema.com.br\/loja\/wp-json\/wp\/v2\/types\/product"}],"replies":[{"embeddable":true,"href":"https:\/\/www.livrariarema.com.br\/loja\/wp-json\/wp\/v2\/comments?post=304959"}],"wp:featuredmedia":[{"embeddable":true,"href":"https:\/\/www.livrariarema.com.br\/loja\/wp-json\/wp\/v2\/media\/324271"}],"wp:attachment":[{"href":"https:\/\/www.livrariarema.com.br\/loja\/wp-json\/wp\/v2\/media?parent=304959"}],"wp:term":[{"taxonomy":"product_cat","embeddable":true,"href":"https:\/\/www.livrariarema.com.br\/loja\/wp-json\/wp\/v2\/product_cat?post=304959"},{"taxonomy":"product_tag","embeddable":true,"href":"https:\/\/www.livrariarema.com.br\/loja\/wp-json\/wp\/v2\/product_tag?post=304959"}],"curies":[{"name":"wp","href":"https:\/\/api.w.org\/{rel}","templated":true}]}}