{"id":304963,"date":"2024-07-04T13:17:10","date_gmt":"2024-07-04T16:17:10","guid":{"rendered":"https:\/\/www.livrariarema.com.br\/loja\/produtos\/sem%20categoria\/apologetica-da-mamae-ursa-hillary-morgan-ferrer\/"},"modified":"2026-01-30T18:10:46","modified_gmt":"2026-01-30T21:10:46","slug":"apologetica-da-mamae-ursa-hillary-morgan-ferrer","status":"publish","type":"product","link":"https:\/\/www.livrariarema.com.br\/loja\/produtos\/livros\/educacao-crista\/apologetica-da-mamae-ursa-hillary-morgan-ferrer\/","title":{"rendered":"Apolog\u00e9tica Da Mam\u00e3e Ursa &#8211; Hillary Morgan Ferrer"},"content":{"rendered":"<p>As mam\u00e3es s\u00e3o as apologetas mais importantes que nossos filhos ter\u00e3o.<\/p>\n<p>RUJA COMO UMA MAM\u00c3E!<\/p>\n<p>Um dos problemas da mentira \u00e9 que, muitas vezes, ela n\u00e3o se apresenta como mentirosa. Em vez disso, ela tenta soar inofensiva, com apar\u00eancia de verdade. Ent\u00e3o, o que uma mam\u00e3e ursa deve fazer quando seus filhotes come\u00e7am a absorver de forma acr\u00edtica as mentiras contadas pela cultura deste mundo?<\/p>\n<p>Apolog\u00e9tica da Mam\u00e3e Ursa \u00e9 justamente o livro com que voc\u00ea tanto sonhava. Escrito de m\u00e3e para m\u00e3es, este guia tem o intuito de ajud\u00e1-la a ensinar aos seus filhos os princ\u00edpios b\u00edblicos daquilo que \u00e9 verdadeiro e falso, fazendo com que eles pr\u00f3prios passem a entend\u00ea-los e desenvolv\u00ea-los. Com relatos sinceros e aplica\u00e7\u00f5es pr\u00e1ticas &#8211; incluindo ora\u00e7\u00f5es estrat\u00e9gicas -, este grupo de mam\u00e3es ursas lhe oferece ferramentas certeiras, com as quais voc\u00ea conseguir\u00e1 se preparar a fim de estar apta a treinar seus pr\u00f3prios filhos.<\/p>\n<p>Voc\u00ea est\u00e1 pronta para responder ao grito de guerra &#8220;Mexa com meus filhos, que eu destruo seus argumentos!?&#8221; Junte-se a outras mam\u00e3es ursas e levante seu clamor para proteg\u00ea-los, ensinando-os a pensar corretamente e, com gentileza e respeito, a combater os enganos de nossa \u00e9poca.<\/p>\n<p>Sobre a autora:<br \/>\nHillary Morgan Ferrer \u00e9 a fundadora do minist\u00e9rio Mama Bear Apologetics, e se dedica a oferecer ferramentas acess\u00edveis de apolog\u00e9tica para mam\u00e3es ocupadas. Ela \u00e9 mestre em biologia e especialista em apolog\u00e9tica cultural, no relacionamento entre ci\u00eancia e f\u00e9, e no esfor\u00e7o de discernir as ra\u00edzes da d\u00favida. Hillary e seu marido, John, s\u00e3o casados h\u00e1 mais de quinze anos e ministram juntos como um time de apolog\u00e9tica em Iowa, EUA.<\/p>\n","protected":false},"excerpt":{"rendered":"<p>As mam\u00e3es s\u00e3o as apologetas mais importantes que nossos filhos ter\u00e3o. RUJA COMO UMA MAM\u00c3E! Um dos problemas da mentira&hellip;<\/p>\n","protected":false},"featured_media":332150,"comment_status":"open","ping_status":"closed","template":"","meta":[],"product_cat":[169,134],"product_tag":[],"_links":{"self":[{"href":"https:\/\/www.livrariarema.com.br\/loja\/wp-json\/wp\/v2\/product\/304963"}],"collection":[{"href":"https:\/\/www.livrariarema.com.br\/loja\/wp-json\/wp\/v2\/product"}],"about":[{"href":"https:\/\/www.livrariarema.com.br\/loja\/wp-json\/wp\/v2\/types\/product"}],"replies":[{"embeddable":true,"href":"https:\/\/www.livrariarema.com.br\/loja\/wp-json\/wp\/v2\/comments?post=304963"}],"wp:featuredmedia":[{"embeddable":true,"href":"https:\/\/www.livrariarema.com.br\/loja\/wp-json\/wp\/v2\/media\/332150"}],"wp:attachment":[{"href":"https:\/\/www.livrariarema.com.br\/loja\/wp-json\/wp\/v2\/media?parent=304963"}],"wp:term":[{"taxonomy":"product_cat","embeddable":true,"href":"https:\/\/www.livrariarema.com.br\/loja\/wp-json\/wp\/v2\/product_cat?post=304963"},{"taxonomy":"product_tag","embeddable":true,"href":"https:\/\/www.livrariarema.com.br\/loja\/wp-json\/wp\/v2\/product_tag?post=304963"}],"curies":[{"name":"wp","href":"https:\/\/api.w.org\/{rel}","templated":true}]}}