{"id":305034,"date":"2024-07-04T17:26:24","date_gmt":"2024-07-04T20:26:24","guid":{"rendered":"https:\/\/www.livrariarema.com.br\/loja\/produtos\/sem categoria\/quando-as-luzes-se-apagam-pedro-pamplona\/"},"modified":"2026-03-20T11:45:42","modified_gmt":"2026-03-20T14:45:42","slug":"quando-as-luzes-se-apagam-pedro-pamplona","status":"publish","type":"product","link":"https:\/\/www.livrariarema.com.br\/loja\/produtos\/livros\/infantil\/quando-as-luzes-se-apagam-pedro-pamplona\/","title":{"rendered":"Quando As Luzes Se Apagam &#8211; Pedro Pamplona"},"content":{"rendered":"<p>EM QUANDO AS LUZES SE APAGAM, PEDRO PAMPLONA MOSTRA A HIST\u00d3RIA DE UM PAI ENSINANDO AOS SEUS FILHOS O QUE ACONTECE QUANDO AS LUZES DO QUARTO SE APAGAM NA HORA DE DORMIR.<br \/>\nCom lindas ilustra\u00e7\u00f5es de Augusto Marques, os pais se encantar\u00e3o ao narrar esta linda hist\u00f3ria para os seus filhos&#8230; e melhor ainda se for antes de dormir!<\/p>\n","protected":false},"excerpt":{"rendered":"<p>EM QUANDO AS LUZES SE APAGAM, PEDRO PAMPLONA MOSTRA A HIST\u00d3RIA DE UM PAI ENSINANDO AOS SEUS FILHOS O QUE&hellip;<\/p>\n","protected":false},"featured_media":344058,"comment_status":"open","ping_status":"closed","template":"","meta":[],"product_cat":[144,134],"product_tag":[],"_links":{"self":[{"href":"https:\/\/www.livrariarema.com.br\/loja\/wp-json\/wp\/v2\/product\/305034"}],"collection":[{"href":"https:\/\/www.livrariarema.com.br\/loja\/wp-json\/wp\/v2\/product"}],"about":[{"href":"https:\/\/www.livrariarema.com.br\/loja\/wp-json\/wp\/v2\/types\/product"}],"replies":[{"embeddable":true,"href":"https:\/\/www.livrariarema.com.br\/loja\/wp-json\/wp\/v2\/comments?post=305034"}],"wp:featuredmedia":[{"embeddable":true,"href":"https:\/\/www.livrariarema.com.br\/loja\/wp-json\/wp\/v2\/media\/344058"}],"wp:attachment":[{"href":"https:\/\/www.livrariarema.com.br\/loja\/wp-json\/wp\/v2\/media?parent=305034"}],"wp:term":[{"taxonomy":"product_cat","embeddable":true,"href":"https:\/\/www.livrariarema.com.br\/loja\/wp-json\/wp\/v2\/product_cat?post=305034"},{"taxonomy":"product_tag","embeddable":true,"href":"https:\/\/www.livrariarema.com.br\/loja\/wp-json\/wp\/v2\/product_tag?post=305034"}],"curies":[{"name":"wp","href":"https:\/\/api.w.org\/{rel}","templated":true}]}}