{"id":305052,"date":"2024-07-04T17:27:48","date_gmt":"2024-07-04T20:27:48","guid":{"rendered":"https:\/\/www.livrariarema.com.br\/loja\/produtos\/sem categoria\/em-defesa-da-educacao-crista-classica-douglas-wilson\/"},"modified":"2025-10-30T15:10:40","modified_gmt":"2025-10-30T18:10:40","slug":"em-defesa-da-educacao-crista-classica-douglas-wilson","status":"publish","type":"product","link":"https:\/\/www.livrariarema.com.br\/loja\/produtos\/livros\/educacao-crista\/em-defesa-da-educacao-crista-classica-douglas-wilson\/","title":{"rendered":"Em Defesa Da Educa\u00e7\u00e3o Crist\u00e3 Cl\u00e1ssica &#8211; Douglas Wilson"},"content":{"rendered":"<p>Nossas escolas fracassaram! Alunos n\u00e3o sabem ler nem escrever. Matem\u00e1tica, ci\u00eancias, hist\u00f3ria e geografia s\u00e3o praticamente casos perdidos. Muitas escolas se tornaram antros de crimes, uso de drogas e indec\u00eancia.<\/p>\n<p>Os jornais est\u00e3o cheios de hist\u00f3rias sobre alunos que n\u00e3o aprendem, professores incapazes e gastos cada vez maiores no sistema de educa\u00e7\u00e3o p\u00fablica.<\/p>\n<p>Douglas Wilson coloca boa parte da culpa dessa situa\u00e7\u00e3o na ideia de que escolas possam ser neutras em moralidade e religi\u00e3o. Afinal, toda educa\u00e7\u00e3o \u00e9 essencialmente religiosa, uma vez que lida com as quest\u00f5es b\u00e1sicas da vida, as quais, por sua vez, exigem respostas espirituais &#8211; diante do que ler e escrever n\u00e3o passam de ferramentas.<\/p>\n<p>Assim, neste livro, Wilson prop\u00f5e uma alternativa ao sistema p\u00fablico e secular de educa\u00e7\u00e3o, defendendo um retorno \u00e0 educa\u00e7\u00e3o crist\u00e3 cl\u00e1ssica com sua disciplina, dilig\u00eancia e um aprendizado voltado aos diferentes est\u00e1gios do desenvolvimento do aluno. O autor tamb\u00e9m detalha os elementos necess\u00e1rios de um curr\u00edculo escolar, incluindo uma lista de cl\u00e1ssicos da literatura. O leitor perceber\u00e1 como a educa\u00e7\u00e3o cl\u00e1ssica oferece a melhor oportunidade e capacita\u00e7\u00e3o para realiza\u00e7\u00f5es acad\u00eamicas, crescimento de car\u00e1ter e instru\u00e7\u00e3o espiritual, e que tais qualidades n\u00e3o podem ser imitadas em um ambiente supostamente envolto pela neutralidade religiosa.<\/p>\n<p>Douglas Wilson abrir\u00e1 os seus olhos para a realidade de que a educa\u00e7\u00e3o n\u00e3o \u00e9 a salvadora do mundo; antes, ela pr\u00f3pria precisa ser salva.<\/p>\n","protected":false},"excerpt":{"rendered":"<p>Nossas escolas fracassaram! Alunos n\u00e3o sabem ler nem escrever. Matem\u00e1tica, ci\u00eancias, hist\u00f3ria e geografia s\u00e3o praticamente casos perdidos. Muitas escolas&hellip;<\/p>\n","protected":false},"featured_media":308482,"comment_status":"open","ping_status":"closed","template":"","meta":[],"product_cat":[169,134],"product_tag":[],"_links":{"self":[{"href":"https:\/\/www.livrariarema.com.br\/loja\/wp-json\/wp\/v2\/product\/305052"}],"collection":[{"href":"https:\/\/www.livrariarema.com.br\/loja\/wp-json\/wp\/v2\/product"}],"about":[{"href":"https:\/\/www.livrariarema.com.br\/loja\/wp-json\/wp\/v2\/types\/product"}],"replies":[{"embeddable":true,"href":"https:\/\/www.livrariarema.com.br\/loja\/wp-json\/wp\/v2\/comments?post=305052"}],"wp:featuredmedia":[{"embeddable":true,"href":"https:\/\/www.livrariarema.com.br\/loja\/wp-json\/wp\/v2\/media\/308482"}],"wp:attachment":[{"href":"https:\/\/www.livrariarema.com.br\/loja\/wp-json\/wp\/v2\/media?parent=305052"}],"wp:term":[{"taxonomy":"product_cat","embeddable":true,"href":"https:\/\/www.livrariarema.com.br\/loja\/wp-json\/wp\/v2\/product_cat?post=305052"},{"taxonomy":"product_tag","embeddable":true,"href":"https:\/\/www.livrariarema.com.br\/loja\/wp-json\/wp\/v2\/product_tag?post=305052"}],"curies":[{"name":"wp","href":"https:\/\/api.w.org\/{rel}","templated":true}]}}