{"id":305057,"date":"2024-07-04T17:28:16","date_gmt":"2024-07-04T20:28:16","guid":{"rendered":"https:\/\/www.livrariarema.com.br\/loja\/produtos\/sem%20categoria\/vida-na-selva-dan-dewitt\/"},"modified":"2024-10-16T11:09:31","modified_gmt":"2024-10-16T14:09:31","slug":"vida-na-selva-dan-dewitt","status":"publish","type":"product","link":"https:\/\/www.livrariarema.com.br\/loja\/produtos\/livros\/vida-crista\/vida-na-selva-dan-dewitt\/","title":{"rendered":"Vida Na Selva &#8211; Dan Dewitt"},"content":{"rendered":"<p>Descubra como viver com esperan\u00e7a e ser encorajado em um mundo ca\u00eddo, ca\u00f3tico e selvagem.<\/p>\n<p>N\u00f3s olhamos para Jesus, cremos em Jesus e esperamos em Jesus, mas, ainda assim, sofremos. Este livro oferece respostas reais e, \u00e0s vezes, dolorosas para os momentos mais sombrios da vida. Descubra como viver com esperan\u00e7a e ser encorajado em um mundo ca\u00eddo, bagun\u00e7ado e selvagem.<\/p>\n<p>Caminhando por G\u00eanesis 3, Dan DeWitt nos mostra como podemos olhar para este mundo de forma realista, mas sem desespero, enquanto aguardamos Deus cumprir sua maravilhosa promessa de nos tirar do caos e nos levar para a nova cria\u00e7\u00e3o. Eis o contraste do \u00c9den, onde tudo reflete a perfei\u00e7\u00e3o de Deus, com o ex\u00edlio, onde tudo \u00e9 contaminado pelo pecado. Este livro nos ajuda a sobreviver \u00e0 vida no ex\u00edlio &#8211; uma Vida na Selva &#8211; at\u00e9 aquele dia glorioso, quando Deus ir\u00e1 nos dar as boas-vindas em casa, fora da selva.<\/p>\n<p>Esta obra coloca as trevas e a luz em perspectiva, mostrando que, embora vivamos os efeitos da queda (somos pessoas problem\u00e1ticas vivendo em um mundo problem\u00e1tico), a promessa de Deus, feita no \u00c9den, serve como um feixe de luz que guia nossos passos neste mundo ca\u00eddo.<\/p>\n<p>&#8220;Este \u00e9 exatamente o livro de que nossa cultura precisa neste momento.&#8221;<br \/>\n&#8211; Jennifer Fulwiler, comediante e apresentadora de r\u00e1dio<\/p>\n<p>&#8220;Quanta beleza em sua escrita. Esta obra \u00e9 motivo de muita alegria.&#8221;<br \/>\n&#8211; Eric C. Redmond, professor assistente de B\u00edblia no Moody Bible Institute<\/p>\n<p>&#8220;Essa bagun\u00e7a em que vivemos, assim como n\u00f3s, aguarda a reden\u00e7\u00e3o futura. Acompanhe Dan conforme ele nos ensina a navegar por meio dos desafios da vida e a ansiar pela chegada de nossa esperan\u00e7a perfeita, Jesus Cristo.&#8221;<br \/>\n&#8211; Russell Moore, presidente da Comiss\u00e3o de \u00c9tica e Liberdade Religiosa da Conven\u00e7\u00e3o Batista do Sul<\/p>\n","protected":false},"excerpt":{"rendered":"<p>Descubra como viver com esperan\u00e7a e ser encorajado em um mundo ca\u00eddo, ca\u00f3tico e selvagem. N\u00f3s olhamos para Jesus, cremos&hellip;<\/p>\n","protected":false},"featured_media":318598,"comment_status":"open","ping_status":"closed","template":"","meta":[],"product_cat":[134,137],"product_tag":[],"_links":{"self":[{"href":"https:\/\/www.livrariarema.com.br\/loja\/wp-json\/wp\/v2\/product\/305057"}],"collection":[{"href":"https:\/\/www.livrariarema.com.br\/loja\/wp-json\/wp\/v2\/product"}],"about":[{"href":"https:\/\/www.livrariarema.com.br\/loja\/wp-json\/wp\/v2\/types\/product"}],"replies":[{"embeddable":true,"href":"https:\/\/www.livrariarema.com.br\/loja\/wp-json\/wp\/v2\/comments?post=305057"}],"wp:featuredmedia":[{"embeddable":true,"href":"https:\/\/www.livrariarema.com.br\/loja\/wp-json\/wp\/v2\/media\/318598"}],"wp:attachment":[{"href":"https:\/\/www.livrariarema.com.br\/loja\/wp-json\/wp\/v2\/media?parent=305057"}],"wp:term":[{"taxonomy":"product_cat","embeddable":true,"href":"https:\/\/www.livrariarema.com.br\/loja\/wp-json\/wp\/v2\/product_cat?post=305057"},{"taxonomy":"product_tag","embeddable":true,"href":"https:\/\/www.livrariarema.com.br\/loja\/wp-json\/wp\/v2\/product_tag?post=305057"}],"curies":[{"name":"wp","href":"https:\/\/api.w.org\/{rel}","templated":true}]}}