{"id":305066,"date":"2024-07-04T17:29:06","date_gmt":"2024-07-04T20:29:06","guid":{"rendered":"https:\/\/www.livrariarema.com.br\/loja\/produtos\/sem%20categoria\/feminilidade-em-crise-renato-vargens\/"},"modified":"2024-10-16T11:10:15","modified_gmt":"2024-10-16T14:10:15","slug":"feminilidade-em-crise-renato-vargens","status":"publish","type":"product","link":"https:\/\/www.livrariarema.com.br\/loja\/produtos\/livros\/mulher\/feminilidade-em-crise-renato-vargens\/","title":{"rendered":"Feminilidade Em Crise &#8211; Renato Vargens"},"content":{"rendered":"<p>Voc\u00ea \u00e9 uma mulher feminina ou feminista?<\/p>\n<p>Vivemos dias polarizados, com mulheres amargas, de dif\u00edcil trato. Num extremo, algumas machificam a vida na busca de competir com os homens no mercado de trabalho; na outra ponta, h\u00e1 aquelas que sustentam uma vis\u00e3o quase escravocrata da mulher, que deve viver passivamente, em omiss\u00e3o, calada e com voca\u00e7\u00e3o para tribufu.<\/p>\n<p>Em meio a essas vis\u00f5es antib\u00edblicas, vemos fam\u00edlias e igrejas sendo destru\u00eddas tanto pelo marxismo cultural e pelo feminismo quanto por uma falsa vis\u00e3o pretensamente neopuritana.<\/p>\n<p>Em Feminilidade em Crise, o Pr. Renato Vargens busca trazer toda a sua experi\u00eancia de d\u00e9cadas no minist\u00e9rio pastoral para encontrar, nas Sagradas Escrituras, os conceitos b\u00edblicos e absolutos relacionados \u00e0 feminilidade, oferecendo aos leitores respostas claras quanto \u00e0 dignidade da mulher, ao seu papel na fam\u00edlia, na igreja e na sociedade.<\/p>\n<p>Esse livro encorajador ainda inclui perguntas de aplica\u00e7\u00e3o e tarefas pr\u00e1ticas que envolvem e desafiam as mulheres, al\u00e9m de muita sabedoria b\u00edblica para estudos individuais ou em grupo.<\/p>\n<p>&#8220;Diferentemente daquilo que \u00e9 estabelecido pelo movimento feminista, tanto de dentro quanto de fora da igreja, Vargens aponta o seguro caminho da Palavra para que toda mulher de Deus saiba quem \u00e9 seu Criador e com que fim o Senhor a criou. Tudo isso, de forma pr\u00e1tica, piedosa e clara.&#8221;<br \/>\n&#8211;  Wilson Porte<\/p>\n<p>&#8220;Pr. Renato Vargens n\u00e3o s\u00f3 quebra o paradigma de que um homem n\u00e3o tem condi\u00e7\u00f5es de escrever sobre e para mulheres, como tamb\u00e9m enfraquece a narrativa feminista de que homens s\u00e3o insensivelmente incapazes de perceber os desafios do universo feminino. O autor foge de extremismos, e consegue unir influ\u00eancia crist\u00e3 com piedade b\u00edblica.&#8221;<br \/>\n&#8211;  Janeide Ferreira<\/p>\n<p>&#8220;No mesmo esp\u00edrito pastoral, n\u00e3o fundado em premissas sexistas, mas sim em uma adequada perspectiva b\u00edblica, o presente livro ? toca nos mais graves dist\u00farbios sociais de nossa \u00e9poca, com dr\u00e1sticas consequ\u00eancias n\u00e3o apenas para a vida religiosa dos crist\u00e3os de diferentes denomina\u00e7\u00f5es, mas tamb\u00e9m para os campos da moralidade, da cultura, da educa\u00e7\u00e3o, da pol\u00edtica e da economia.&#8221;<br \/>\n&#8211;  Alex Catharino<\/p>\n","protected":false},"excerpt":{"rendered":"<p>Voc\u00ea \u00e9 uma mulher feminina ou feminista? Vivemos dias polarizados, com mulheres amargas, de dif\u00edcil trato. Num extremo, algumas machificam&hellip;<\/p>\n","protected":false},"featured_media":305583,"comment_status":"open","ping_status":"closed","template":"","meta":[],"product_cat":[134,170],"product_tag":[],"_links":{"self":[{"href":"https:\/\/www.livrariarema.com.br\/loja\/wp-json\/wp\/v2\/product\/305066"}],"collection":[{"href":"https:\/\/www.livrariarema.com.br\/loja\/wp-json\/wp\/v2\/product"}],"about":[{"href":"https:\/\/www.livrariarema.com.br\/loja\/wp-json\/wp\/v2\/types\/product"}],"replies":[{"embeddable":true,"href":"https:\/\/www.livrariarema.com.br\/loja\/wp-json\/wp\/v2\/comments?post=305066"}],"wp:featuredmedia":[{"embeddable":true,"href":"https:\/\/www.livrariarema.com.br\/loja\/wp-json\/wp\/v2\/media\/305583"}],"wp:attachment":[{"href":"https:\/\/www.livrariarema.com.br\/loja\/wp-json\/wp\/v2\/media?parent=305066"}],"wp:term":[{"taxonomy":"product_cat","embeddable":true,"href":"https:\/\/www.livrariarema.com.br\/loja\/wp-json\/wp\/v2\/product_cat?post=305066"},{"taxonomy":"product_tag","embeddable":true,"href":"https:\/\/www.livrariarema.com.br\/loja\/wp-json\/wp\/v2\/product_tag?post=305066"}],"curies":[{"name":"wp","href":"https:\/\/api.w.org\/{rel}","templated":true}]}}