{"id":305068,"date":"2024-07-04T17:29:19","date_gmt":"2024-07-04T20:29:19","guid":{"rendered":"https:\/\/www.livrariarema.com.br\/loja\/produtos\/sem categoria\/linha-do-tempo-de-deus-linda-finlayson\/"},"modified":"2026-02-07T11:40:50","modified_gmt":"2026-02-07T14:40:50","slug":"linha-do-tempo-de-deus-linda-finlayson","status":"publish","type":"product","link":"https:\/\/www.livrariarema.com.br\/loja\/produtos\/livros\/infantil\/linha-do-tempo-de-deus-linda-finlayson\/","title":{"rendered":"Linha Do Tempo De Deus &#8211; Linda Finlayson"},"content":{"rendered":"<p>LINHA DO TEMPO DE DEUS<\/p>\n<p>Com ilustra\u00e7\u00f5es, imagens e linhas do tempo, este livro d\u00e1 vida \u00e0 hist\u00f3ria da igreja! Passe pela igreja primitiva, pela igreja medieval e pela igreja mission\u00e1ria, explorando eventos fundamentais como o Conc\u00edlio de Niceia e a Reforma, at\u00e9 os dias mais recentes. Al\u00e9m disso, aprenda sobre o povo que Deus usou e o impacto causado por ele no passado e no presente. <\/p>\n<p>Linda Finlayson \u00e9 autora de livros infantis com a tem\u00e1tica de biografias e de hist\u00f3ria da igreja. Ela tamb\u00e9m j\u00e1 contribuiu com muitos t\u00edtulos, revistas, e eventualmente palestra em escolas. Linda vive nas proximidades da Filad\u00e9lfia, EUA, com seu marido, Sandy, que tamb\u00e9m \u00e9 escritor, al\u00e9m de bibliotec\u00e1rio e professor do Westminster Theological Seminary.<\/p>\n","protected":false},"excerpt":{"rendered":"<p>LINHA DO TEMPO DE DEUS Com ilustra\u00e7\u00f5es, imagens e linhas do tempo, este livro d\u00e1 vida \u00e0 hist\u00f3ria da igreja!&hellip;<\/p>\n","protected":false},"featured_media":344086,"comment_status":"open","ping_status":"closed","template":"","meta":[],"product_cat":[144,134],"product_tag":[],"_links":{"self":[{"href":"https:\/\/www.livrariarema.com.br\/loja\/wp-json\/wp\/v2\/product\/305068"}],"collection":[{"href":"https:\/\/www.livrariarema.com.br\/loja\/wp-json\/wp\/v2\/product"}],"about":[{"href":"https:\/\/www.livrariarema.com.br\/loja\/wp-json\/wp\/v2\/types\/product"}],"replies":[{"embeddable":true,"href":"https:\/\/www.livrariarema.com.br\/loja\/wp-json\/wp\/v2\/comments?post=305068"}],"wp:featuredmedia":[{"embeddable":true,"href":"https:\/\/www.livrariarema.com.br\/loja\/wp-json\/wp\/v2\/media\/344086"}],"wp:attachment":[{"href":"https:\/\/www.livrariarema.com.br\/loja\/wp-json\/wp\/v2\/media?parent=305068"}],"wp:term":[{"taxonomy":"product_cat","embeddable":true,"href":"https:\/\/www.livrariarema.com.br\/loja\/wp-json\/wp\/v2\/product_cat?post=305068"},{"taxonomy":"product_tag","embeddable":true,"href":"https:\/\/www.livrariarema.com.br\/loja\/wp-json\/wp\/v2\/product_tag?post=305068"}],"curies":[{"name":"wp","href":"https:\/\/api.w.org\/{rel}","templated":true}]}}