{"id":305070,"date":"2024-07-04T17:29:28","date_gmt":"2024-07-04T20:29:28","guid":{"rendered":"https:\/\/www.livrariarema.com.br\/loja\/produtos\/sem categoria\/linha-do-tempo-da-biblia-linda-finlayson\/"},"modified":"2026-02-07T11:40:53","modified_gmt":"2026-02-07T14:40:53","slug":"linha-do-tempo-da-biblia-linda-finlayson","status":"publish","type":"product","link":"https:\/\/www.livrariarema.com.br\/loja\/produtos\/livros\/infantil\/linha-do-tempo-da-biblia-linda-finlayson\/","title":{"rendered":"Linha Do Tempo Da B\u00edblia &#8211; Linda Finlayson"},"content":{"rendered":"<p>LINHA DO TEMPO DA B\u00cdBLIA<\/p>\n<p>Com ilustra\u00e7\u00f5es de cores v\u00edvidas e imagens imersivas, esta obra de hist\u00f3ria b\u00edblica descortina a Palavra de Deus de uma forma visualmente inovadora. Veja a a\u00e7\u00e3o de Deus sobre o seu povo e a sua igreja, desde a cria\u00e7\u00e3o at\u00e9 o \u00eaxodo, do ex\u00edlio at\u00e9 a igreja primitiva, e descubra como o Senhor formou a sua Palavra.<\/p>\n<p>Linda Finlayson \u00e9 autora de livros infantis com a tem\u00e1tica de biografias e de hist\u00f3ria da igreja. Ela tamb\u00e9m j\u00e1 contribuiu com muitos t\u00edtulos, revistas, e eventualmente palestra em escolas. Linda vive nas proximidades da Filad\u00e9lfia, EUA, com seu marido, Sandy, que tamb\u00e9m \u00e9 escritor, al\u00e9m de bibliotec\u00e1rio e professor do Westminster Theological Seminary.<\/p>\n","protected":false},"excerpt":{"rendered":"<p>LINHA DO TEMPO DA B\u00cdBLIA Com ilustra\u00e7\u00f5es de cores v\u00edvidas e imagens imersivas, esta obra de hist\u00f3ria b\u00edblica descortina a&hellip;<\/p>\n","protected":false},"featured_media":344087,"comment_status":"open","ping_status":"closed","template":"","meta":[],"product_cat":[144,134],"product_tag":[],"_links":{"self":[{"href":"https:\/\/www.livrariarema.com.br\/loja\/wp-json\/wp\/v2\/product\/305070"}],"collection":[{"href":"https:\/\/www.livrariarema.com.br\/loja\/wp-json\/wp\/v2\/product"}],"about":[{"href":"https:\/\/www.livrariarema.com.br\/loja\/wp-json\/wp\/v2\/types\/product"}],"replies":[{"embeddable":true,"href":"https:\/\/www.livrariarema.com.br\/loja\/wp-json\/wp\/v2\/comments?post=305070"}],"wp:featuredmedia":[{"embeddable":true,"href":"https:\/\/www.livrariarema.com.br\/loja\/wp-json\/wp\/v2\/media\/344087"}],"wp:attachment":[{"href":"https:\/\/www.livrariarema.com.br\/loja\/wp-json\/wp\/v2\/media?parent=305070"}],"wp:term":[{"taxonomy":"product_cat","embeddable":true,"href":"https:\/\/www.livrariarema.com.br\/loja\/wp-json\/wp\/v2\/product_cat?post=305070"},{"taxonomy":"product_tag","embeddable":true,"href":"https:\/\/www.livrariarema.com.br\/loja\/wp-json\/wp\/v2\/product_tag?post=305070"}],"curies":[{"name":"wp","href":"https:\/\/api.w.org\/{rel}","templated":true}]}}