{"id":305083,"date":"2024-07-04T17:30:32","date_gmt":"2024-07-04T20:30:32","guid":{"rendered":"https:\/\/www.livrariarema.com.br\/loja\/produtos\/sem categoria\/vicios-esplendidos-rebecca-deyoung\/"},"modified":"2026-04-18T12:00:42","modified_gmt":"2026-04-18T15:00:42","slug":"vicios-esplendidos-rebecca-deyoung","status":"publish","type":"product","link":"https:\/\/www.livrariarema.com.br\/loja\/produtos\/livros\/vida-crista\/vicios-esplendidos-rebecca-deyoung\/","title":{"rendered":"V\u00edcios Espl\u00eandidos &#8211; Rebecca Deyoung"},"content":{"rendered":"<p>J\u00e1 virou lugar comum dizer que o cora\u00e7\u00e3o humano \u00e9 uma f\u00e1brica de \u00eddolos.<\/p>\n<p>Por\u00e9m, como Deus deixa de ser central em nossas vidas? Quais s\u00e3o os h\u00e1bitos que denunciam que nosso car\u00e1ter est\u00e1 longe de Cristo? Quais s\u00e3o os rem\u00e9dios pr\u00e1ticos para o Esp\u00edrito nos fazer crescer em santidade?<\/p>\n<p>Recorrendo \u00e0 sabedoria milenar dos pais da igreja, dos doutores medievais e dos reformadores, Rebecca DeYoung explora as sete maneiras cl\u00e1ssicas em que o cora\u00e7\u00e3o humano busca sua felicidade no lugar errado e da forma errada. Vangl\u00f3ria, inveja, pregui\u00e7a, avareza, ira, lux\u00faria e gula se revelam como diagn\u00f3sticos not\u00e1veis de por que vivemos como vivemos, ao inv\u00e9s de palavras rebuscadas de um antiqu\u00e1rio medieval. Embarque nesta jornada de autoexame e forma\u00e7\u00e3o espiritual em dire\u00e7\u00e3o a Cristo, em cujo esplendor n\u00e3o h\u00e1 v\u00edcio algum.<\/p>\n","protected":false},"excerpt":{"rendered":"<p>J\u00e1 virou lugar comum dizer que o cora\u00e7\u00e3o humano \u00e9 uma f\u00e1brica de \u00eddolos. Por\u00e9m, como Deus deixa de ser&hellip;<\/p>\n","protected":false},"featured_media":332143,"comment_status":"open","ping_status":"closed","template":"","meta":[],"product_cat":[134,137],"product_tag":[],"_links":{"self":[{"href":"https:\/\/www.livrariarema.com.br\/loja\/wp-json\/wp\/v2\/product\/305083"}],"collection":[{"href":"https:\/\/www.livrariarema.com.br\/loja\/wp-json\/wp\/v2\/product"}],"about":[{"href":"https:\/\/www.livrariarema.com.br\/loja\/wp-json\/wp\/v2\/types\/product"}],"replies":[{"embeddable":true,"href":"https:\/\/www.livrariarema.com.br\/loja\/wp-json\/wp\/v2\/comments?post=305083"}],"wp:featuredmedia":[{"embeddable":true,"href":"https:\/\/www.livrariarema.com.br\/loja\/wp-json\/wp\/v2\/media\/332143"}],"wp:attachment":[{"href":"https:\/\/www.livrariarema.com.br\/loja\/wp-json\/wp\/v2\/media?parent=305083"}],"wp:term":[{"taxonomy":"product_cat","embeddable":true,"href":"https:\/\/www.livrariarema.com.br\/loja\/wp-json\/wp\/v2\/product_cat?post=305083"},{"taxonomy":"product_tag","embeddable":true,"href":"https:\/\/www.livrariarema.com.br\/loja\/wp-json\/wp\/v2\/product_tag?post=305083"}],"curies":[{"name":"wp","href":"https:\/\/api.w.org\/{rel}","templated":true}]}}