{"id":305099,"date":"2024-07-04T17:32:12","date_gmt":"2024-07-04T20:32:12","guid":{"rendered":"https:\/\/www.livrariarema.com.br\/loja\/produtos\/sem categoria\/introducao-a-educacao-crista-classica-chris-perrin\/"},"modified":"2025-07-08T07:53:26","modified_gmt":"2025-07-08T10:53:26","slug":"introducao-a-educacao-crista-classica-chris-perrin","status":"publish","type":"product","link":"https:\/\/www.livrariarema.com.br\/loja\/produtos\/livros\/educacao-crista\/introducao-a-educacao-crista-classica-chris-perrin\/","title":{"rendered":"Introdu\u00e7\u00e3o A Educa\u00e7\u00e3o Crist\u00e3 Cl\u00e1ssica &#8211; Chris Perrin"},"content":{"rendered":"<p>Uma introdu\u00e7\u00e3o para pais e educadores desejando compreender o que \u00e9 educa\u00e7\u00e3o crist\u00e3 cl\u00e1ssica.<\/p>\n<p>Dr. Chris Perrin escreveu essa excelente introdu\u00e7\u00e3o ao assunto, tra\u00e7ando as origens hist\u00f3ricas do movimento, de seu nascimento na Gr\u00e9cia antiga, at\u00e9 seu renascimento nos dias de hoje. O livro tamb\u00e9m real\u00e7a os elementos distintivos do movimento, incluindo sua \u00eanfase no ensino da gram\u00e1tica, l\u00f3gica e ret\u00f3rica (o trivium); o papel e os benef\u00edcios do estudo de uma l\u00edngua cl\u00e1ssica (latim e grego); e os resultados extraordin\u00e1rios de alunos que receberam uma educa\u00e7\u00e3o cl\u00e1ssica. Escrito em linguagem coloquial e de f\u00e1cil acesso, o livro possui um estilo cativante e \u00e9 especialmente recomendado para iniciar seu entendimento de educa\u00e7\u00e3o cl\u00e1ssica.<\/p>\n<p>Sobre o autor:<br \/>\nDr. Christopher Perrin \u00e9 o editor da Classical Academic Press, consultor em educa\u00e7\u00e3o crist\u00e3 cl\u00e1ssica e Diretor da Alcuin Fellowship. Dr. Chris foi professor na universidade Messiah College e no Semin\u00e1rio Chesapeake Theological Seminary, e tamb\u00e9m atuou como diretor da escola crist\u00e3 cl\u00e1ssica Covenant Christian Academy em Harrisburg, nos EUA. Licenciado em Hist\u00f3ria pela University of South Carolina, com mestrado em teologia pelo Westminster Theological Seminary na Calif\u00f3rnia e doutorado em Apolog\u00e9tica pelo Westminster Theological Seminary na Philadelphia.<\/p>\n","protected":false},"excerpt":{"rendered":"<p>Uma introdu\u00e7\u00e3o para pais e educadores desejando compreender o que \u00e9 educa\u00e7\u00e3o crist\u00e3 cl\u00e1ssica. Dr. Chris Perrin escreveu essa excelente&hellip;<\/p>\n","protected":false},"featured_media":319248,"comment_status":"open","ping_status":"closed","template":"","meta":[],"product_cat":[169,134],"product_tag":[],"_links":{"self":[{"href":"https:\/\/www.livrariarema.com.br\/loja\/wp-json\/wp\/v2\/product\/305099"}],"collection":[{"href":"https:\/\/www.livrariarema.com.br\/loja\/wp-json\/wp\/v2\/product"}],"about":[{"href":"https:\/\/www.livrariarema.com.br\/loja\/wp-json\/wp\/v2\/types\/product"}],"replies":[{"embeddable":true,"href":"https:\/\/www.livrariarema.com.br\/loja\/wp-json\/wp\/v2\/comments?post=305099"}],"wp:featuredmedia":[{"embeddable":true,"href":"https:\/\/www.livrariarema.com.br\/loja\/wp-json\/wp\/v2\/media\/319248"}],"wp:attachment":[{"href":"https:\/\/www.livrariarema.com.br\/loja\/wp-json\/wp\/v2\/media?parent=305099"}],"wp:term":[{"taxonomy":"product_cat","embeddable":true,"href":"https:\/\/www.livrariarema.com.br\/loja\/wp-json\/wp\/v2\/product_cat?post=305099"},{"taxonomy":"product_tag","embeddable":true,"href":"https:\/\/www.livrariarema.com.br\/loja\/wp-json\/wp\/v2\/product_tag?post=305099"}],"curies":[{"name":"wp","href":"https:\/\/api.w.org\/{rel}","templated":true}]}}