{"id":305107,"date":"2024-07-04T17:32:45","date_gmt":"2024-07-04T20:32:45","guid":{"rendered":"https:\/\/www.livrariarema.com.br\/loja\/produtos\/sem categoria\/filhos-educando-daqui-para-a-eternidade-douglas-wilson\/"},"modified":"2024-10-23T09:57:13","modified_gmt":"2024-10-23T12:57:13","slug":"filhos-educando-daqui-para-a-eternidade-douglas-wilson","status":"publish","type":"product","link":"https:\/\/www.livrariarema.com.br\/loja\/produtos\/livros\/educacao-crista\/filhos-educando-daqui-para-a-eternidade-douglas-wilson\/","title":{"rendered":"Filhos: Educando Daqui Para A Eternidade &#8211; Douglas Wilson"},"content":{"rendered":"<p>Seu sacrif\u00edcio por seus filhos s\u00f3 \u00e9 b\u00edblico se for feito com uma can\u00e7\u00e3o nos l\u00e1bios.<\/p>\n<p>Neste breve livro sobre a cria\u00e7\u00e3o de filhos \u00e0 luz do Evangelho, Douglas Wilson mostra como temos um Pai celestial que tem prazer em n\u00f3s, tornando poss\u00edvel am\u00e1-lo e obedecer-lhe. Se esse \u00e9 o tipo de Pai que temos, ser\u00e1 que os pais deste mundo n\u00e3o deveriam buscar ser da mesma maneira?<\/p>\n<p>Wilson mostra como os pais e m\u00e3es podem evitar as duas grandes tenta\u00e7\u00f5es na educa\u00e7\u00e3o de seus filhos, seja criar uma imensa lista de regras a serem minuciosamente obedecidas, seja transformar o lar num lugar t\u00e3o divertido que as regras sequer existem. Ao inv\u00e9s disso, ele insta os pais a inculcarem em seus filhos um amor por Deus e seu padr\u00e3o de santidade que ir\u00e1 segui-los por toda a vida.<\/p>\n<p>H\u00e1 tamb\u00e9m uma se\u00e7\u00e3o na qual Doug e sua esposa, Nancy, respondem a diversos tipos de perguntas que podem vir \u00e0 mente dos pais, d\u00favidas a respeito de todo tipo de aplica\u00e7\u00e3o dos princ\u00edpios b\u00edblicos discutidos nesse livro.<\/p>\n<p>Sobre o autor:<br \/>\nDouglas Wilson \u00e9 pastor na cidade de Moscow, Idaho, nos EUA. \u00c9 pai de tr\u00eas filhos e av\u00f4 de dezessete netos. Ele \u00e9 o fundador do movimento de escolas crist\u00e3s cl\u00e1ssicas nos EUA, al\u00e9m de ter iniciado a escola Logos e a universidade New Saint Andrews. Tamb\u00e9m \u00e9 autor de dezenas de livros sobre fam\u00edlia, educa\u00e7\u00e3o, pol\u00edtica, teologia, dentre outros.<\/p>\n","protected":false},"excerpt":{"rendered":"<p>Seu sacrif\u00edcio por seus filhos s\u00f3 \u00e9 b\u00edblico se for feito com uma can\u00e7\u00e3o nos l\u00e1bios. Neste breve livro sobre&hellip;<\/p>\n","protected":false},"featured_media":319250,"comment_status":"open","ping_status":"closed","template":"","meta":[],"product_cat":[169,134],"product_tag":[],"_links":{"self":[{"href":"https:\/\/www.livrariarema.com.br\/loja\/wp-json\/wp\/v2\/product\/305107"}],"collection":[{"href":"https:\/\/www.livrariarema.com.br\/loja\/wp-json\/wp\/v2\/product"}],"about":[{"href":"https:\/\/www.livrariarema.com.br\/loja\/wp-json\/wp\/v2\/types\/product"}],"replies":[{"embeddable":true,"href":"https:\/\/www.livrariarema.com.br\/loja\/wp-json\/wp\/v2\/comments?post=305107"}],"wp:featuredmedia":[{"embeddable":true,"href":"https:\/\/www.livrariarema.com.br\/loja\/wp-json\/wp\/v2\/media\/319250"}],"wp:attachment":[{"href":"https:\/\/www.livrariarema.com.br\/loja\/wp-json\/wp\/v2\/media?parent=305107"}],"wp:term":[{"taxonomy":"product_cat","embeddable":true,"href":"https:\/\/www.livrariarema.com.br\/loja\/wp-json\/wp\/v2\/product_cat?post=305107"},{"taxonomy":"product_tag","embeddable":true,"href":"https:\/\/www.livrariarema.com.br\/loja\/wp-json\/wp\/v2\/product_tag?post=305107"}],"curies":[{"name":"wp","href":"https:\/\/api.w.org\/{rel}","templated":true}]}}