{"id":305129,"date":"2024-07-05T08:59:16","date_gmt":"2024-07-05T11:59:16","guid":{"rendered":"https:\/\/www.livrariarema.com.br\/loja\/produtos\/sem categoria\/biblia-a-mensagem-todo-dia-paisagem\/"},"modified":"2025-05-08T14:14:38","modified_gmt":"2025-05-08T17:14:38","slug":"biblia-a-mensagem-todo-dia-paisagem","status":"publish","type":"product","link":"https:\/\/www.livrariarema.com.br\/loja\/produtos\/biblias\/a-mensagem\/biblia-a-mensagem-todo-dia-paisagem\/","title":{"rendered":"Biblia &#8211; A Mensagem &#8211; Todo Dia &#8211; Paisagem"},"content":{"rendered":"<p>A B\u00edblia Todo Dia \u00e9 um convite ao estudo criativo, agrad\u00e1vel e profundo das Escrituras. Voc\u00ea poder\u00e1 us\u00e1-la como desejar, pois foi projetada para que a leitura se adapte \u00e0s suas necessidades. Inovadora, voc\u00ea encontrar\u00e1, para cada dia, por\u00e7\u00f5es do Antigo Testamento, do Novo Testamento e de Salmos, al\u00e9m de um espa\u00e7o para anota\u00e7\u00f5es ou imagens, de acordo com a sua criatividade. Voc\u00ea nunca leu a B\u00edblia assim antes! O seu relacionamento com o Senhor certamente se aprofundar\u00e1, e a B\u00edblia Todo Dia ser\u00e1 a sua melhor companheira nesta jornada! Desfrute com alegria seu tempo com o Senhor e sua Palavra!<\/p>\n","protected":false},"excerpt":{"rendered":"<p>A B\u00edblia Todo Dia \u00e9 um convite ao estudo criativo, agrad\u00e1vel e profundo das Escrituras. Voc\u00ea poder\u00e1 us\u00e1-la como desejar,&hellip;<\/p>\n","protected":false},"featured_media":330729,"comment_status":"open","ping_status":"closed","template":"","meta":[],"product_cat":[167,139],"product_tag":[],"_links":{"self":[{"href":"https:\/\/www.livrariarema.com.br\/loja\/wp-json\/wp\/v2\/product\/305129"}],"collection":[{"href":"https:\/\/www.livrariarema.com.br\/loja\/wp-json\/wp\/v2\/product"}],"about":[{"href":"https:\/\/www.livrariarema.com.br\/loja\/wp-json\/wp\/v2\/types\/product"}],"replies":[{"embeddable":true,"href":"https:\/\/www.livrariarema.com.br\/loja\/wp-json\/wp\/v2\/comments?post=305129"}],"wp:featuredmedia":[{"embeddable":true,"href":"https:\/\/www.livrariarema.com.br\/loja\/wp-json\/wp\/v2\/media\/330729"}],"wp:attachment":[{"href":"https:\/\/www.livrariarema.com.br\/loja\/wp-json\/wp\/v2\/media?parent=305129"}],"wp:term":[{"taxonomy":"product_cat","embeddable":true,"href":"https:\/\/www.livrariarema.com.br\/loja\/wp-json\/wp\/v2\/product_cat?post=305129"},{"taxonomy":"product_tag","embeddable":true,"href":"https:\/\/www.livrariarema.com.br\/loja\/wp-json\/wp\/v2\/product_tag?post=305129"}],"curies":[{"name":"wp","href":"https:\/\/api.w.org\/{rel}","templated":true}]}}