{"id":305233,"date":"2024-07-05T14:08:56","date_gmt":"2024-07-05T17:08:56","guid":{"rendered":"https:\/\/www.livrariarema.com.br\/loja\/produtos\/sem%20categoria\/quando-os-muros-ruiram-marianne-jansson-e-riitta-lemmetyinen\/"},"modified":"2025-08-22T08:43:57","modified_gmt":"2025-08-22T11:43:57","slug":"quando-os-muros-ruiram-marianne-jansson-e-riitta-lemmetyinen","status":"publish","type":"product","link":"https:\/\/www.livrariarema.com.br\/loja\/produtos\/livros\/biografia\/quando-os-muros-ruiram-marianne-jansson-e-riitta-lemmetyinen\/","title":{"rendered":"Quando Os Muros Ru\u00edram &#8211; Marianne Jansson E Riitta Lemmetyinen"},"content":{"rendered":"<p>Duas irm\u00e3s de Maria descobrem a liberdade do evagelho.<\/p>\n<p>Quando os muros ru\u00edram! Um livro de leitura leve e estimulante que conduzir\u00e1 voc\u00ea para dentro de uma aut\u00eantica e fascinante experi\u00eancia que as autoras tiveram com o poder do Evangelho de Jesus Cristo. Em sua Carta aos Romanos o ap\u00f3s-tolo Paulo afirma que o evangelho [&#8230;] \u00e9 o poder de Deus para salva\u00e7\u00e3o de todo aquele que cr\u00ea (Rm 1.16). No livro que est\u00e1 em suas m\u00e3os, voc\u00ea ter\u00e1 o privil\u00e9gio de perceber como esse &#8220;poder do evangelho&#8221; pode ser experimentado na pr\u00e1tica. <\/p>\n<p>A experi\u00eancia que as autoras, Ritta e Marianne, narram \u00e9 radical de nacionalidade finlandesa, elas ingressaram quando ainda eram muito jovens em uma ordem religiosa denominada de Irmandade Evang\u00e9lica de Maria. Fundada por madre Basilea Schlink em 1947, a irmandade tem por fundamento o arrependimento, o amor de Jesus, a reconcilia\u00e7\u00e3o, o viver pela f\u00e9 e evangeliza\u00e7\u00e3o.<\/p>\n","protected":false},"excerpt":{"rendered":"<p>Duas irm\u00e3s de Maria descobrem a liberdade do evagelho. Quando os muros ru\u00edram! Um livro de leitura leve e estimulante&hellip;<\/p>\n","protected":false},"featured_media":335869,"comment_status":"open","ping_status":"closed","template":"","meta":[],"product_cat":[181,134],"product_tag":[],"_links":{"self":[{"href":"https:\/\/www.livrariarema.com.br\/loja\/wp-json\/wp\/v2\/product\/305233"}],"collection":[{"href":"https:\/\/www.livrariarema.com.br\/loja\/wp-json\/wp\/v2\/product"}],"about":[{"href":"https:\/\/www.livrariarema.com.br\/loja\/wp-json\/wp\/v2\/types\/product"}],"replies":[{"embeddable":true,"href":"https:\/\/www.livrariarema.com.br\/loja\/wp-json\/wp\/v2\/comments?post=305233"}],"wp:featuredmedia":[{"embeddable":true,"href":"https:\/\/www.livrariarema.com.br\/loja\/wp-json\/wp\/v2\/media\/335869"}],"wp:attachment":[{"href":"https:\/\/www.livrariarema.com.br\/loja\/wp-json\/wp\/v2\/media?parent=305233"}],"wp:term":[{"taxonomy":"product_cat","embeddable":true,"href":"https:\/\/www.livrariarema.com.br\/loja\/wp-json\/wp\/v2\/product_cat?post=305233"},{"taxonomy":"product_tag","embeddable":true,"href":"https:\/\/www.livrariarema.com.br\/loja\/wp-json\/wp\/v2\/product_tag?post=305233"}],"curies":[{"name":"wp","href":"https:\/\/api.w.org\/{rel}","templated":true}]}}