{"id":305270,"date":"2024-07-05T14:12:23","date_gmt":"2024-07-05T17:12:23","guid":{"rendered":"https:\/\/www.livrariarema.com.br\/loja\/produtos\/sem categoria\/diaconia-na-igreja-misericordia-servico-e-compaixao-alf-b-oftestad\/"},"modified":"2024-10-23T09:58:50","modified_gmt":"2024-10-23T12:58:50","slug":"diaconia-na-igreja-misericordia-servico-e-compaixao-alf-b-oftestad","status":"publish","type":"product","link":"https:\/\/www.livrariarema.com.br\/loja\/produtos\/livros\/ministerio\/diaconia-na-igreja-misericordia-servico-e-compaixao-alf-b-oftestad\/","title":{"rendered":"Diaconia Na Igreja &#8211; Miseric\u00f3rdia, Servi\u00e7o E Compaix\u00e3o &#8211; Alf B. Oftestad"},"content":{"rendered":"<p>O livro que voc\u00ea tem em m\u00e3os n\u00e3o \u00e9 apenas uma obra de refer\u00eancia sobre a diaconia, mas tamb\u00e9m um guia para a sua igreja. Com uma abordagem reflexiva e profundamente B\u00edblica, Alf B. Oftestad apresenta uma an\u00e1lise meticulosa do papel da igreja na sociedade atual e como a diaconia pode ser a resposta para muitos dos desafios que enfrentamos na modernidade.<\/p>\n<p>O longo deste livro, voc\u00ea descobrir\u00e1 como a diaconia n\u00e3o \u00e9 apenas um trabalho social comum, mas uma convic\u00e7\u00e3o crist\u00e3 profunda de ajudar os necessitados e os marginalizados. guiada pelo Esp\u00edrito Santo.<\/p>\n<p>Este livro \u00e9 uma ferramenta essencial para todos os estudantes, mission\u00e1rios, volunt\u00e1rios, obreiros, diaconais, e leitores que desejam praticar a diaconia centrada em Cristo na sociedade.<\/p>\n","protected":false},"excerpt":{"rendered":"<p>O livro que voc\u00ea tem em m\u00e3os n\u00e3o \u00e9 apenas uma obra de refer\u00eancia sobre a diaconia, mas tamb\u00e9m um&hellip;<\/p>\n","protected":false},"featured_media":319611,"comment_status":"open","ping_status":"closed","template":"","meta":[],"product_cat":[134,148],"product_tag":[],"_links":{"self":[{"href":"https:\/\/www.livrariarema.com.br\/loja\/wp-json\/wp\/v2\/product\/305270"}],"collection":[{"href":"https:\/\/www.livrariarema.com.br\/loja\/wp-json\/wp\/v2\/product"}],"about":[{"href":"https:\/\/www.livrariarema.com.br\/loja\/wp-json\/wp\/v2\/types\/product"}],"replies":[{"embeddable":true,"href":"https:\/\/www.livrariarema.com.br\/loja\/wp-json\/wp\/v2\/comments?post=305270"}],"wp:featuredmedia":[{"embeddable":true,"href":"https:\/\/www.livrariarema.com.br\/loja\/wp-json\/wp\/v2\/media\/319611"}],"wp:attachment":[{"href":"https:\/\/www.livrariarema.com.br\/loja\/wp-json\/wp\/v2\/media?parent=305270"}],"wp:term":[{"taxonomy":"product_cat","embeddable":true,"href":"https:\/\/www.livrariarema.com.br\/loja\/wp-json\/wp\/v2\/product_cat?post=305270"},{"taxonomy":"product_tag","embeddable":true,"href":"https:\/\/www.livrariarema.com.br\/loja\/wp-json\/wp\/v2\/product_tag?post=305270"}],"curies":[{"name":"wp","href":"https:\/\/api.w.org\/{rel}","templated":true}]}}