{"id":305302,"date":"2024-07-05T14:17:23","date_gmt":"2024-07-05T17:17:23","guid":{"rendered":"https:\/\/www.livrariarema.com.br\/loja\/produtos\/sem categoria\/testemunho-de-cristo-em-apocalipse-o-hans-ulrich-reifler\/"},"modified":"2025-08-27T09:13:38","modified_gmt":"2025-08-27T12:13:38","slug":"testemunho-de-cristo-em-apocalipse-o-hans-ulrich-reifler","status":"publish","type":"product","link":"https:\/\/www.livrariarema.com.br\/loja\/produtos\/livros\/estudo-biblico\/testemunho-de-cristo-em-apocalipse-o-hans-ulrich-reifler\/","title":{"rendered":"Testemunho De Cristo Em Apocalipse, O &#8211; Hans Ulrich Reifler"},"content":{"rendered":"<p>INTRODU\u00c7\u00c3O E EXEGESE DE APOCALIPSE<\/p>\n<p>Este livro leva voc\u00ea a explorar as profundezas do \u00faltimo livro da B\u00edblia, n\u00e3o como um texto de enigmas insond\u00e1veis, mas como uma revela\u00e7\u00e3o da centralidade e soberania de Jesus Cristo. Atrav\u00e9s das vis\u00f5es transmitidas ao ap\u00f3stolo Jo\u00e3o, Apocalipse n\u00e3o trata do poder do negativo, mas da centralidade de Jesus Cristo. Ele \u00e9 origem, centro e destino de todo o livro. <br \/>\nA Revela\u00e7\u00e3o de Jesus Cristo convida a uma imers\u00e3o na introdu\u00e7\u00e3o e exegese de Apocalipse, proporcionando insights preciosos sobre sua aplica\u00e7\u00e3o pr\u00e1tica na vida crist\u00e3. Ele desdobra a promessa do retorno glorioso de Cristo, oferecendo n\u00e3o apenas consolo, mas tamb\u00e9m um chamado \u00e0 perseveran\u00e7a na f\u00e9 e \u00e0 vigil\u00e2ncia.<\/p>\n<p>Neste livro, aprenda os seguintes t\u00f3picos:<br \/>\n&#8211; O Reino milenar<br \/>\n&#8211; A liturgia trinit\u00e1ria nas vis\u00f5es do trono<br \/>\n&#8211; O anticristo e a Igreja<br \/>\n&#8211; A Igreja no fim dos tempos<br \/>\n&#8211; O retorno de Jesus Cristo<br \/>\n&#8211; Doxologia cristol\u00f3gica<br \/>\n&#8211; Novo c\u00e9u e a nova terra <\/p>\n<p>Um livro essencial para aqueles que buscam aprofundar-se nas profecias do Novo Testamento e ouvir com aten\u00e7\u00e3o o que o Esp\u00edrito diz \u00e0s igrejas.<\/p>\n","protected":false},"excerpt":{"rendered":"<p>INTRODU\u00c7\u00c3O E EXEGESE DE APOCALIPSE Este livro leva voc\u00ea a explorar as profundezas do \u00faltimo livro da B\u00edblia, n\u00e3o como&hellip;<\/p>\n","protected":false},"featured_media":335971,"comment_status":"open","ping_status":"closed","template":"","meta":[],"product_cat":[161,134],"product_tag":[],"_links":{"self":[{"href":"https:\/\/www.livrariarema.com.br\/loja\/wp-json\/wp\/v2\/product\/305302"}],"collection":[{"href":"https:\/\/www.livrariarema.com.br\/loja\/wp-json\/wp\/v2\/product"}],"about":[{"href":"https:\/\/www.livrariarema.com.br\/loja\/wp-json\/wp\/v2\/types\/product"}],"replies":[{"embeddable":true,"href":"https:\/\/www.livrariarema.com.br\/loja\/wp-json\/wp\/v2\/comments?post=305302"}],"wp:featuredmedia":[{"embeddable":true,"href":"https:\/\/www.livrariarema.com.br\/loja\/wp-json\/wp\/v2\/media\/335971"}],"wp:attachment":[{"href":"https:\/\/www.livrariarema.com.br\/loja\/wp-json\/wp\/v2\/media?parent=305302"}],"wp:term":[{"taxonomy":"product_cat","embeddable":true,"href":"https:\/\/www.livrariarema.com.br\/loja\/wp-json\/wp\/v2\/product_cat?post=305302"},{"taxonomy":"product_tag","embeddable":true,"href":"https:\/\/www.livrariarema.com.br\/loja\/wp-json\/wp\/v2\/product_tag?post=305302"}],"curies":[{"name":"wp","href":"https:\/\/api.w.org\/{rel}","templated":true}]}}