{"id":305307,"date":"2024-07-05T14:17:45","date_gmt":"2024-07-05T17:17:45","guid":{"rendered":"https:\/\/www.livrariarema.com.br\/loja\/produtos\/sem categoria\/serie-mergulho-missional-os-evangelhos-sinoticos-sherron-kay-george-e-timoteo-carriker\/"},"modified":"2026-02-25T16:25:22","modified_gmt":"2026-02-25T19:25:22","slug":"serie-mergulho-missional-os-evangelhos-sinoticos-sherron-kay-george-e-timoteo-carriker","status":"publish","type":"product","link":"https:\/\/www.livrariarema.com.br\/loja\/produtos\/livros\/estudo-biblico\/serie-mergulho-missional-os-evangelhos-sinoticos-sherron-kay-george-e-timoteo-carriker\/","title":{"rendered":"S\u00e9rie Mergulho Missional &#8211; Os Evangelhos Sin\u00f3ticos &#8211; Sherron Kay George E Tim\u00f3teo Carriker"},"content":{"rendered":"<p>Come\u00e7amos a s\u00e9rie Mergulho Missional com Atos, para mostrar o nascimento, empoderamento, testemunho, lutas e expans\u00e3o da igreja missional. Depois nos maravilhamos com a a\u00e7\u00e3o missional do ap\u00f3stolo Paulo, e mergulhamos na reflex\u00e3o teol\u00f3gica, missional e pastoral em suas Cartas. Chegou a hora, ent\u00e3o, de mergulhar nos Evangelhos para ver mais detalhes do nascimento, vida missional, ensinos, morte e ressurei\u00e7\u00e3o de Jesus. Marcos, Mateus e Lucas s\u00e3o chamados de Evangelhos Sin\u00f3ticos porque t\u00eam \u00f3ticas semelhantes e contextos paralelos. Vamos destrinchar cuidadosamente e refletir sobre as percep\u00e7\u00f5es que cada evangelista teve do nosso Senhor e Salvador Jesus Cristo com um esp\u00edrito aberto para aprender.<\/p>\n<p>Sherron Kay George \u00e9 Doutora em Minist\u00e9rios e pastora da Igreja Presbiteriana (EUA). Como mission\u00e1ria, trabalhou com a Igreja Presbiteriana do Brasil e a Igreja Presbiteriana Independente do Brasil na Miss\u00e3o Caiu\u00e1 e como professora de Missiologia e Educa\u00e7\u00e3o Crist\u00e3 no semin\u00e1rio da IPIB, em Londrina\/PR, e da IPB, em Campinas\/SP. \u00c9 autora de mais de uma d\u00fazia de t\u00edtulos em portugu\u00eas, espanhol e ingl\u00eas e contribuiu com notas missiol\u00f3gicas e reflex\u00f5es para a B\u00edblia Mission\u00e1ria de Estudo (SBB). Reside em Campinas\/SP.<\/p>\n<p>Tim\u00f3teo Carriker \u00e9 estadunidense naturalizado no Brasil em 2002. \u00c9 Bacharel em Ci\u00eancias da Religi\u00e3o, Mestre em Divindade, Missiologia e Ph.D. em Estudos Interculturais. Foi enviado como mission\u00e1rio da Igreja Presbiteriana do Sul (dos EUA) e trabalhou como plantador de igrejas no Brasil, educador de diversos cursos de gradua\u00e7\u00e3o e p\u00f3s-gradua\u00e7\u00e3o da Igreja Presbiteriana do Brasil. \u00c9 autor de 19 livros e muitos artigos acad\u00eamicos, editor de mais 11 volumes, inclusive da B\u00edblia Mission\u00e1ria de Estudo em portugu\u00eas. Nunca deixou as atividades pastorais at\u00e9 a sua jubila\u00e7\u00e3o em 2019. \u00c9 casado com Marta, tem tr\u00eas filhos e tr\u00eas netos.<\/p>\n","protected":false},"excerpt":{"rendered":"<p>Come\u00e7amos a s\u00e9rie Mergulho Missional com Atos, para mostrar o nascimento, empoderamento, testemunho, lutas e expans\u00e3o da igreja missional. Depois&hellip;<\/p>\n","protected":false},"featured_media":345481,"comment_status":"open","ping_status":"closed","template":"","meta":[],"product_cat":[161,134],"product_tag":[],"_links":{"self":[{"href":"https:\/\/www.livrariarema.com.br\/loja\/wp-json\/wp\/v2\/product\/305307"}],"collection":[{"href":"https:\/\/www.livrariarema.com.br\/loja\/wp-json\/wp\/v2\/product"}],"about":[{"href":"https:\/\/www.livrariarema.com.br\/loja\/wp-json\/wp\/v2\/types\/product"}],"replies":[{"embeddable":true,"href":"https:\/\/www.livrariarema.com.br\/loja\/wp-json\/wp\/v2\/comments?post=305307"}],"wp:featuredmedia":[{"embeddable":true,"href":"https:\/\/www.livrariarema.com.br\/loja\/wp-json\/wp\/v2\/media\/345481"}],"wp:attachment":[{"href":"https:\/\/www.livrariarema.com.br\/loja\/wp-json\/wp\/v2\/media?parent=305307"}],"wp:term":[{"taxonomy":"product_cat","embeddable":true,"href":"https:\/\/www.livrariarema.com.br\/loja\/wp-json\/wp\/v2\/product_cat?post=305307"},{"taxonomy":"product_tag","embeddable":true,"href":"https:\/\/www.livrariarema.com.br\/loja\/wp-json\/wp\/v2\/product_tag?post=305307"}],"curies":[{"name":"wp","href":"https:\/\/api.w.org\/{rel}","templated":true}]}}