{"id":305313,"date":"2024-07-05T14:18:16","date_gmt":"2024-07-05T17:18:16","guid":{"rendered":"https:\/\/www.livrariarema.com.br\/loja\/produtos\/sem%20categoria\/de-bencaos-e-traicoes-a-historia-das-familias-de-abraao-isaque-jaco-e-jose-albert-friesen\/"},"modified":"2026-04-28T09:53:39","modified_gmt":"2026-04-28T12:53:39","slug":"de-bencaos-e-traicoes-a-historia-das-familias-de-abraao-isaque-jaco-e-jose-albert-friesen","status":"publish","type":"product","link":"https:\/\/www.livrariarema.com.br\/loja\/produtos\/livros\/estudo-biblico\/de-bencaos-e-traicoes-a-historia-das-familias-de-abraao-isaque-jaco-e-jose-albert-friesen\/","title":{"rendered":"De B\u00ean\u00e7\u00e3os E Trai\u00e7\u00f5es &#8211; A Hist\u00f3ria Das Fam\u00edlias De Abra\u00e3o, Isaque, Jac\u00f3 E Jos\u00e9 &#8211; Albert Friesen"},"content":{"rendered":"<p>APLICANDO AS HIST\u00d3RIAS B\u00cdBLICAS PARA O ACONSELHAMENTO CRIST\u00c3O!<\/p>\n<p>&#8220;De b\u00ean\u00e7\u00e3os e trai\u00e7\u00f5es&#8221; \u00e9 uma jornada profunda e iluminadora pela complexa trama de eventos das fam\u00edlias dos Patriarcas de Israel. Este livro faz uma an\u00e1lise de suas hist\u00f3rias, sob o prisma da Teologia e da Psicologia, trazendo \u00e0 tona uma nova compreens\u00e3o das realidades e din\u00e2micas dos seus relacionamentos.<\/p>\n<p>A saga de Abra\u00e3o, Isaque e Jac\u00f3 revela nuances emocionais e espirituais por tr\u00e1s de cada a\u00e7\u00e3o e decis\u00e3o dos patriarcas, estendida at\u00e9 Jos\u00e9. Os autores nos levam a refletir sobre os conceitos que formam a base do Aconselhamento Crist\u00e3o e da Terapia Familiar Sist\u00eamica (TFS), demonstrando como o estudo dos casos b\u00edblicos \u00e9 uma ferramenta inestim\u00e1vel para lidarmos com as fam\u00edlias em tempos positivos e tamb\u00e9m em meio \u00e0s dificuldades.<\/p>\n<p>Descubra em &#8220;De b\u00ean\u00e7\u00e3os e trai\u00e7\u00f5es&#8221; um guia essencial para a compreens\u00e3o da alma humana.<\/p>\n","protected":false},"excerpt":{"rendered":"<p>APLICANDO AS HIST\u00d3RIAS B\u00cdBLICAS PARA O ACONSELHAMENTO CRIST\u00c3O! &#8220;De b\u00ean\u00e7\u00e3os e trai\u00e7\u00f5es&#8221; \u00e9 uma jornada profunda e iluminadora pela complexa&hellip;<\/p>\n","protected":false},"featured_media":347441,"comment_status":"open","ping_status":"closed","template":"","meta":[],"product_cat":[161,134],"product_tag":[],"_links":{"self":[{"href":"https:\/\/www.livrariarema.com.br\/loja\/wp-json\/wp\/v2\/product\/305313"}],"collection":[{"href":"https:\/\/www.livrariarema.com.br\/loja\/wp-json\/wp\/v2\/product"}],"about":[{"href":"https:\/\/www.livrariarema.com.br\/loja\/wp-json\/wp\/v2\/types\/product"}],"replies":[{"embeddable":true,"href":"https:\/\/www.livrariarema.com.br\/loja\/wp-json\/wp\/v2\/comments?post=305313"}],"wp:featuredmedia":[{"embeddable":true,"href":"https:\/\/www.livrariarema.com.br\/loja\/wp-json\/wp\/v2\/media\/347441"}],"wp:attachment":[{"href":"https:\/\/www.livrariarema.com.br\/loja\/wp-json\/wp\/v2\/media?parent=305313"}],"wp:term":[{"taxonomy":"product_cat","embeddable":true,"href":"https:\/\/www.livrariarema.com.br\/loja\/wp-json\/wp\/v2\/product_cat?post=305313"},{"taxonomy":"product_tag","embeddable":true,"href":"https:\/\/www.livrariarema.com.br\/loja\/wp-json\/wp\/v2\/product_tag?post=305313"}],"curies":[{"name":"wp","href":"https:\/\/api.w.org\/{rel}","templated":true}]}}