{"id":305317,"date":"2024-07-05T14:18:35","date_gmt":"2024-07-05T17:18:35","guid":{"rendered":"https:\/\/www.livrariarema.com.br\/loja\/produtos\/sem%20categoria\/jesus-nao-chamou-voce-para-isso-luciana-melo\/"},"modified":"2025-03-26T11:24:57","modified_gmt":"2025-03-26T14:24:57","slug":"jesus-nao-chamou-voce-para-isso-luciana-melo","status":"publish","type":"product","link":"https:\/\/www.livrariarema.com.br\/loja\/produtos\/livros\/mulher\/jesus-nao-chamou-voce-para-isso-luciana-melo\/","title":{"rendered":"Jesus N\u00e3o Chamou Voc\u00ea Para Isso &#8211; Luciana Melo"},"content":{"rendered":"<p>Livro: Jesus n\u00e3o chamou voc\u00ea para isso!<\/p>\n<p>Abandone a sobrecarga e tenha uma vida plena<br \/>\nEm uma narrativa profundamente pessoal, t\u00e9cnica e inspiradora, Luciana Melo nos convida a conhecer sua jornada de reden\u00e7\u00e3o e descoberta espiritual.<\/p>\n<p>Este livro \u00e9 um relato sincero sobre sua experi\u00eancia de burnout, devido ao ativismo religioso. Contudo, foi em meio a estes momentos de sobrecarga que a autora descobriu o verdadeiro chamado de Jesus para sua vida. Luciana compartilha como a revela\u00e7\u00e3o da maravilhosa gra\u00e7a de Deus, em meio a um momento de profunda vulnerabilidade, desencadeou sua transforma\u00e7\u00e3o interior.<\/p>\n<p>Talvez nem todos n\u00f3s passemos pela intensa dificuldade de Luciana (ou talvez voc\u00ea j\u00e1 esteja enfrentando o mesmo estado de esgotamento), mas todos precisamos assimilar seu alerta eloquente de que o vazio do nosso cora\u00e7\u00e3o n\u00e3o \u00e9 preenchido pela ocupa\u00e7\u00e3o nociva e exagerada de nossas agendas.<\/p>\n<p>Encorajamos a leitura deste livro como palavras de algu\u00e9m, cujas marcas no corpo e na alma, nos ministra o renovo de Deus.<br \/>\n&#8211; As mentiras em que acreditamos<br \/>\n&#8211; As m\u00e1scaras que aprendemos a usar<br \/>\n&#8211; Todo excesso aponta para uma falta<br \/>\n&#8211; Deus n\u00e3o desperdi\u00e7a coisa alguma<\/p>\n<p>&#8220;Deus est\u00e1 edificando para si uma Igreja madura emocionalmente e este livro \u00e9 uma resposta dele ao clamor de muitos dos seus obreiros. Desfrute dele com muita sabedoria, sabendo que ele \u00e9 um recurso da gra\u00e7a e da leveza em meio a um mundo ca\u00f3tico e cansado.&#8221;<br \/>\nDr. Joanatas Leonio &#8211; Divinamente Jesuscopy<\/p>\n","protected":false},"excerpt":{"rendered":"<p>Livro: Jesus n\u00e3o chamou voc\u00ea para isso! Abandone a sobrecarga e tenha uma vida plena Em uma narrativa profundamente pessoal,&hellip;<\/p>\n","protected":false},"featured_media":328875,"comment_status":"open","ping_status":"closed","template":"","meta":[],"product_cat":[134,170],"product_tag":[],"_links":{"self":[{"href":"https:\/\/www.livrariarema.com.br\/loja\/wp-json\/wp\/v2\/product\/305317"}],"collection":[{"href":"https:\/\/www.livrariarema.com.br\/loja\/wp-json\/wp\/v2\/product"}],"about":[{"href":"https:\/\/www.livrariarema.com.br\/loja\/wp-json\/wp\/v2\/types\/product"}],"replies":[{"embeddable":true,"href":"https:\/\/www.livrariarema.com.br\/loja\/wp-json\/wp\/v2\/comments?post=305317"}],"wp:featuredmedia":[{"embeddable":true,"href":"https:\/\/www.livrariarema.com.br\/loja\/wp-json\/wp\/v2\/media\/328875"}],"wp:attachment":[{"href":"https:\/\/www.livrariarema.com.br\/loja\/wp-json\/wp\/v2\/media?parent=305317"}],"wp:term":[{"taxonomy":"product_cat","embeddable":true,"href":"https:\/\/www.livrariarema.com.br\/loja\/wp-json\/wp\/v2\/product_cat?post=305317"},{"taxonomy":"product_tag","embeddable":true,"href":"https:\/\/www.livrariarema.com.br\/loja\/wp-json\/wp\/v2\/product_tag?post=305317"}],"curies":[{"name":"wp","href":"https:\/\/api.w.org\/{rel}","templated":true}]}}