{"id":305319,"date":"2024-07-05T14:18:42","date_gmt":"2024-07-05T17:18:42","guid":{"rendered":"https:\/\/www.livrariarema.com.br\/loja\/produtos\/sem categoria\/revolucao-tecnologica-a-luiz-adriano-borges-e-luiz-adriano-borges\/"},"modified":"2025-08-20T14:18:33","modified_gmt":"2025-08-20T17:18:33","slug":"revolucao-tecnologica-a-luiz-adriano-borges-e-luiz-adriano-borges","status":"publish","type":"product","link":"https:\/\/www.livrariarema.com.br\/loja\/produtos\/livros\/atualidades\/revolucao-tecnologica-a-luiz-adriano-borges-e-luiz-adriano-borges\/","title":{"rendered":"Revolu\u00e7\u00e3o Tecnol\u00f3gica, A &#8211; Luiz Adriano Borges E Luiz Adriano Borges"},"content":{"rendered":"<p>Nos \u00faltimos anos t\u00eam surgido muitos livros no Brasil tratando sobre tecnologia a partir de uma perspectiva crist\u00e3, mas ainda \u00e9 pouco. Um tema t\u00e3o importante e t\u00e3o presente como a tecnologia deve ser assunto fundamental a ser tratado em nossas comunidades eclesi\u00e1sticas. Mas, pela minha experi\u00eancia, essa ainda n\u00e3o \u00e9 a realidade. Vemos crian\u00e7as e adolescentes viciados em celulares e pais sem qualquer preocupa\u00e7\u00e3o. Filmes e jogos eletr\u00f4nicos s\u00e3o mal vistos, sem criticidade ou por faixa et\u00e1ria errada. Precisamos repensar o papel da tecnologia em nossas vidas cotidianas. Podemos fazer isso a partir do que assistimos, jogamos e lemos de forma descompromissada. A cultura pop est\u00e1 gemendo para ser redimida, para ser bem utilizada em prol de uma melhor reflex\u00e3o. <\/p>\n<p>Que este livro desperte em voc\u00ea uma profunda revolu\u00e7\u00e3o na maneira pela qual enxerga e utiliza a tecnologia. Que seja para a Gl\u00f3ria de Deus.<\/p>\n","protected":false},"excerpt":{"rendered":"<p>Nos \u00faltimos anos t\u00eam surgido muitos livros no Brasil tratando sobre tecnologia a partir de uma perspectiva crist\u00e3, mas ainda&hellip;<\/p>\n","protected":false},"featured_media":335835,"comment_status":"open","ping_status":"closed","template":"","meta":[],"product_cat":[191,134],"product_tag":[],"_links":{"self":[{"href":"https:\/\/www.livrariarema.com.br\/loja\/wp-json\/wp\/v2\/product\/305319"}],"collection":[{"href":"https:\/\/www.livrariarema.com.br\/loja\/wp-json\/wp\/v2\/product"}],"about":[{"href":"https:\/\/www.livrariarema.com.br\/loja\/wp-json\/wp\/v2\/types\/product"}],"replies":[{"embeddable":true,"href":"https:\/\/www.livrariarema.com.br\/loja\/wp-json\/wp\/v2\/comments?post=305319"}],"wp:featuredmedia":[{"embeddable":true,"href":"https:\/\/www.livrariarema.com.br\/loja\/wp-json\/wp\/v2\/media\/335835"}],"wp:attachment":[{"href":"https:\/\/www.livrariarema.com.br\/loja\/wp-json\/wp\/v2\/media?parent=305319"}],"wp:term":[{"taxonomy":"product_cat","embeddable":true,"href":"https:\/\/www.livrariarema.com.br\/loja\/wp-json\/wp\/v2\/product_cat?post=305319"},{"taxonomy":"product_tag","embeddable":true,"href":"https:\/\/www.livrariarema.com.br\/loja\/wp-json\/wp\/v2\/product_tag?post=305319"}],"curies":[{"name":"wp","href":"https:\/\/api.w.org\/{rel}","templated":true}]}}