{"id":305321,"date":"2024-07-05T14:18:50","date_gmt":"2024-07-05T17:18:50","guid":{"rendered":"https:\/\/www.livrariarema.com.br\/loja\/produtos\/sem categoria\/lideranca-relevante-estrategias-e-ferramentas-para-lideres-de-jovens-eduardo-medeiros\/"},"modified":"2026-01-26T16:16:14","modified_gmt":"2026-01-26T19:16:14","slug":"lideranca-relevante-estrategias-e-ferramentas-para-lideres-de-jovens-eduardo-medeiros","status":"publish","type":"product","link":"https:\/\/www.livrariarema.com.br\/loja\/produtos\/livros\/lideranca\/lideranca-relevante-estrategias-e-ferramentas-para-lideres-de-jovens-eduardo-medeiros\/","title":{"rendered":"Lideran\u00e7a Relevante &#8211; Estrat\u00e9gias E Ferramentas Para L\u00edderes De Jovens &#8211; Eduardo Medeiros"},"content":{"rendered":"<p>PERDIDO NO TRABALHO COM JOVENS?<\/p>\n<p>J\u00e1 tentou in\u00fameras estrat\u00e9gias, mas sente que nada pareceu ter o efeito esperado?<\/p>\n<p>Voc\u00ea n\u00e3o est\u00e1 sozinho. Diversos l\u00edderes, assim como voc\u00ea, enfrentam desafios semelhantes. O segredo est\u00e1 em reconhecer humildemente que cada igreja e cada grupo de jovens t\u00eam suas caracter\u00edsticas e contextos \u00fanicos. Este livro oferece insights pr\u00e1ticos, moldados e comprovados por experi\u00eancias REAIS, que ser\u00e3o adapt\u00e1veis \u00e0 sua realidade \u00fanica.<\/p>\n<p>Nestas p\u00e1ginas, voc\u00ea encontrar\u00e1 cap\u00edtulos sobre:<br \/>\n&#8211;    Maximizar o potencial de uso positivo das M\u00eddias Sociais;<br \/>\n&#8211;    Cultivar lideran\u00e7as confi\u00e1veis e carism\u00e1ticas;<br \/>\n&#8211;    Integrar Eventos, Pequenos Grupos e Discipulado com efic\u00e1cia;<br \/>\n&#8211;    Treinar l\u00edderes para impactar vidas e promover mudan\u00e7as;<br \/>\n&#8211;    Motivar jovens a fazerem a diferen\u00e7a em sua comunidade.<\/p>\n<p>Se voc\u00ea deseja ser um L\u00edder Relevante e marcar de forma duradoura a vida dos jovens, este livro \u00e9 para voc\u00ea!<\/p>\n","protected":false},"excerpt":{"rendered":"<p>PERDIDO NO TRABALHO COM JOVENS? J\u00e1 tentou in\u00fameras estrat\u00e9gias, mas sente que nada pareceu ter o efeito esperado? Voc\u00ea n\u00e3o&hellip;<\/p>\n","protected":false},"featured_media":343105,"comment_status":"open","ping_status":"closed","template":"","meta":[],"product_cat":[153,134],"product_tag":[],"_links":{"self":[{"href":"https:\/\/www.livrariarema.com.br\/loja\/wp-json\/wp\/v2\/product\/305321"}],"collection":[{"href":"https:\/\/www.livrariarema.com.br\/loja\/wp-json\/wp\/v2\/product"}],"about":[{"href":"https:\/\/www.livrariarema.com.br\/loja\/wp-json\/wp\/v2\/types\/product"}],"replies":[{"embeddable":true,"href":"https:\/\/www.livrariarema.com.br\/loja\/wp-json\/wp\/v2\/comments?post=305321"}],"wp:featuredmedia":[{"embeddable":true,"href":"https:\/\/www.livrariarema.com.br\/loja\/wp-json\/wp\/v2\/media\/343105"}],"wp:attachment":[{"href":"https:\/\/www.livrariarema.com.br\/loja\/wp-json\/wp\/v2\/media?parent=305321"}],"wp:term":[{"taxonomy":"product_cat","embeddable":true,"href":"https:\/\/www.livrariarema.com.br\/loja\/wp-json\/wp\/v2\/product_cat?post=305321"},{"taxonomy":"product_tag","embeddable":true,"href":"https:\/\/www.livrariarema.com.br\/loja\/wp-json\/wp\/v2\/product_tag?post=305321"}],"curies":[{"name":"wp","href":"https:\/\/api.w.org\/{rel}","templated":true}]}}