{"id":305547,"date":"2024-07-08T14:40:41","date_gmt":"2024-07-08T17:40:41","guid":{"rendered":"https:\/\/www.livrariarema.com.br\/loja\/produtos\/sem%20categoria\/box-profeticos-para-todos-john-goldingay\/"},"modified":"2026-02-24T13:51:45","modified_gmt":"2026-02-24T16:51:45","slug":"box-profeticos-para-todos-john-goldingay","status":"publish","type":"product","link":"https:\/\/www.livrariarema.com.br\/loja\/produtos\/livros\/estudo-biblico\/box-profeticos-para-todos-john-goldingay\/","title":{"rendered":"Box Prof\u00e9ticos Para Todos &#8211; John Goldingay"},"content":{"rendered":"<p>Seguindo os passos de N. T. Wright &#8213; autor e estudioso aclamado &#8213;, na s\u00e9rie de coment\u00e1rios bem-sucedida O Novo Testamento para todos, John Goldingay, estudioso internacionalmente respeitado de Antigo Testamento, aborda as Escrituras de G\u00eanesis a Malaquias de tal forma que at\u00e9 as passagens mais desafiadoras s\u00e3o explicadas de forma clara e acess\u00edvel. No box Prof\u00e9ticos para todos voc\u00ea encontrar\u00e1 os livros:<\/p>\n<p>Prof\u00e9ticos para todos: Isa\u00edas<br \/>\nProf\u00e9ticos para todos: Jeremias e Lamenta\u00e7\u00f5es<br \/>\nProf\u00e9ticos para todos: Ezequiel<br \/>\nProf\u00e9ticos para todos: Daniel e os doze profetas<\/p>\n<p>&#8220;Goldingay traz para a tarefa seu grande aprendizado, sua profunda paix\u00e3o pela f\u00e9, sua imagina\u00e7\u00e3o informada e sua aten\u00e7\u00e3o \u00e0 vida contempor\u00e2nea.&#8221;<br \/>\nWALTER BRUEGGEMANN<br \/>\n&#8220;Esta s\u00e9rie \u00e9 realmente para todos que desejam aumentar sua compreens\u00e3o do Antigo Testamento.&#8221;<br \/>\nTREMPER LONGMAN<br \/>\n&#8220;Goldingay escreve para todos como mestre, pastor e amigo.&#8221;<br \/>\nPAMELA SCALISE<br \/>\n&#8220;Reflex\u00f5es que v\u00e3o enriquecer profundamente a vida e a f\u00e9.&#8221;<br \/>\nTERENCE E. FRETHEIM<\/p>\n","protected":false},"excerpt":{"rendered":"<p>Seguindo os passos de N. T. Wright &#8213; autor e estudioso aclamado &#8213;, na s\u00e9rie de coment\u00e1rios bem-sucedida O Novo&hellip;<\/p>\n","protected":false},"featured_media":345371,"comment_status":"open","ping_status":"closed","template":"","meta":[],"product_cat":[161,134],"product_tag":[],"_links":{"self":[{"href":"https:\/\/www.livrariarema.com.br\/loja\/wp-json\/wp\/v2\/product\/305547"}],"collection":[{"href":"https:\/\/www.livrariarema.com.br\/loja\/wp-json\/wp\/v2\/product"}],"about":[{"href":"https:\/\/www.livrariarema.com.br\/loja\/wp-json\/wp\/v2\/types\/product"}],"replies":[{"embeddable":true,"href":"https:\/\/www.livrariarema.com.br\/loja\/wp-json\/wp\/v2\/comments?post=305547"}],"wp:featuredmedia":[{"embeddable":true,"href":"https:\/\/www.livrariarema.com.br\/loja\/wp-json\/wp\/v2\/media\/345371"}],"wp:attachment":[{"href":"https:\/\/www.livrariarema.com.br\/loja\/wp-json\/wp\/v2\/media?parent=305547"}],"wp:term":[{"taxonomy":"product_cat","embeddable":true,"href":"https:\/\/www.livrariarema.com.br\/loja\/wp-json\/wp\/v2\/product_cat?post=305547"},{"taxonomy":"product_tag","embeddable":true,"href":"https:\/\/www.livrariarema.com.br\/loja\/wp-json\/wp\/v2\/product_tag?post=305547"}],"curies":[{"name":"wp","href":"https:\/\/api.w.org\/{rel}","templated":true}]}}