{"id":306639,"date":"2024-07-18T11:21:41","date_gmt":"2024-07-18T14:21:41","guid":{"rendered":"https:\/\/www.livrariarema.com.br\/loja\/produtos\/sem categoria\/joel-um-menino-da-galileia-annie-fellows-johnston\/"},"modified":"2026-03-18T12:01:11","modified_gmt":"2026-03-18T15:01:11","slug":"joel-um-menino-da-galileia-annie-fellows-johnston","status":"publish","type":"product","link":"https:\/\/www.livrariarema.com.br\/loja\/produtos\/livros\/juvenil\/joel-um-menino-da-galileia-annie-fellows-johnston\/","title":{"rendered":"Joel, Um Menino Da Galileia &#8211; Annie Fellows Johnston"},"content":{"rendered":"<p>Joel, um menino da Galileia \u00e9 fruto de uma vasta pesquisa hist\u00f3rica realizada pela autora Annie Fellows Johnston, no final do s\u00e9culo 19. A inten\u00e7\u00e3o da escritora era ambientar sua hist\u00f3ria retratando com fidelidade e riqueza de detalhes o cotidiano e a cultura dos habitantes da Galileia \u00e0 \u00e9poca de Cristo, bem como os relatos presentes nos evangelhos dos milagres operados por Jesus, sua morte e ressurrei\u00e7\u00e3o.<\/p>\n<p>Joel \u00e9 um menino de cora\u00e7\u00e3o tomado por ressentimento e desejo de vingan\u00e7a contra o rapaz que o deixou aleijado quando ele era pequeno. Mas tudo muda quando ele conhece o Rabi Jesus, o Homem a respeito de quem todos vinham falando: ser\u00e1 Ele o Messias que Deus vinha anunciando pelos profetas?<\/p>\n","protected":false},"excerpt":{"rendered":"<p>Joel, um menino da Galileia \u00e9 fruto de uma vasta pesquisa hist\u00f3rica realizada pela autora Annie Fellows Johnston, no final&hellip;<\/p>\n","protected":false},"featured_media":335957,"comment_status":"open","ping_status":"closed","template":"","meta":[],"product_cat":[184,134],"product_tag":[],"_links":{"self":[{"href":"https:\/\/www.livrariarema.com.br\/loja\/wp-json\/wp\/v2\/product\/306639"}],"collection":[{"href":"https:\/\/www.livrariarema.com.br\/loja\/wp-json\/wp\/v2\/product"}],"about":[{"href":"https:\/\/www.livrariarema.com.br\/loja\/wp-json\/wp\/v2\/types\/product"}],"replies":[{"embeddable":true,"href":"https:\/\/www.livrariarema.com.br\/loja\/wp-json\/wp\/v2\/comments?post=306639"}],"wp:featuredmedia":[{"embeddable":true,"href":"https:\/\/www.livrariarema.com.br\/loja\/wp-json\/wp\/v2\/media\/335957"}],"wp:attachment":[{"href":"https:\/\/www.livrariarema.com.br\/loja\/wp-json\/wp\/v2\/media?parent=306639"}],"wp:term":[{"taxonomy":"product_cat","embeddable":true,"href":"https:\/\/www.livrariarema.com.br\/loja\/wp-json\/wp\/v2\/product_cat?post=306639"},{"taxonomy":"product_tag","embeddable":true,"href":"https:\/\/www.livrariarema.com.br\/loja\/wp-json\/wp\/v2\/product_tag?post=306639"}],"curies":[{"name":"wp","href":"https:\/\/api.w.org\/{rel}","templated":true}]}}