{"id":306641,"date":"2024-07-18T11:21:47","date_gmt":"2024-07-18T14:21:47","guid":{"rendered":"https:\/\/www.livrariarema.com.br\/loja\/produtos\/sem%20categoria\/contos-de-natal-louisa-may-alcott\/"},"modified":"2026-01-22T11:52:12","modified_gmt":"2026-01-22T14:52:12","slug":"contos-de-natal-louisa-may-alcott","status":"publish","type":"product","link":"https:\/\/www.livrariarema.com.br\/loja\/produtos\/livros\/juvenil\/contos-de-natal-louisa-may-alcott\/","title":{"rendered":"Contos De Natal &#8211; Louisa May Alcott"},"content":{"rendered":"<p>O talento de transformar o cotidiano e a vida ordin\u00e1ria em fam\u00edlia em obras encantadoras faz de Louisa May Alcott a grande escritora que \u00e9, conhecida e aclamada no mundo inteiro.<\/p>\n<p>Louisa tamb\u00e9m escreveu diversos contos de Natal e A\u00e7\u00e3o de Gra\u00e7as. Aqui, selecionamos sete contos de Natal para aprecia\u00e7\u00e3o dos leitores brasileiros. &#8220;O Natal de Tilly&#8221;, &#8220;Um sonho de Natal&#8221;, &#8220;As surpresas de Tessa&#8221;, &#8220;A hist\u00f3ria de Rosa&#8221;, &#8220;O segredo de Sofia&#8221;, &#8220;Um peru de Natal&#8221;, e &#8220;A escolha de Kate&#8221; nos transportam para uma atmosfera de amor e esperan\u00e7a que paira nessa \u00e9poca em que comemoramos a chegada do Amor e da Esperan\u00e7a, em Cristo, ao mundo.<\/p>\n","protected":false},"excerpt":{"rendered":"<p>O talento de transformar o cotidiano e a vida ordin\u00e1ria em fam\u00edlia em obras encantadoras faz de Louisa May Alcott&hellip;<\/p>\n","protected":false},"featured_media":324588,"comment_status":"open","ping_status":"closed","template":"","meta":[],"product_cat":[184,134],"product_tag":[],"_links":{"self":[{"href":"https:\/\/www.livrariarema.com.br\/loja\/wp-json\/wp\/v2\/product\/306641"}],"collection":[{"href":"https:\/\/www.livrariarema.com.br\/loja\/wp-json\/wp\/v2\/product"}],"about":[{"href":"https:\/\/www.livrariarema.com.br\/loja\/wp-json\/wp\/v2\/types\/product"}],"replies":[{"embeddable":true,"href":"https:\/\/www.livrariarema.com.br\/loja\/wp-json\/wp\/v2\/comments?post=306641"}],"wp:featuredmedia":[{"embeddable":true,"href":"https:\/\/www.livrariarema.com.br\/loja\/wp-json\/wp\/v2\/media\/324588"}],"wp:attachment":[{"href":"https:\/\/www.livrariarema.com.br\/loja\/wp-json\/wp\/v2\/media?parent=306641"}],"wp:term":[{"taxonomy":"product_cat","embeddable":true,"href":"https:\/\/www.livrariarema.com.br\/loja\/wp-json\/wp\/v2\/product_cat?post=306641"},{"taxonomy":"product_tag","embeddable":true,"href":"https:\/\/www.livrariarema.com.br\/loja\/wp-json\/wp\/v2\/product_tag?post=306641"}],"curies":[{"name":"wp","href":"https:\/\/api.w.org\/{rel}","templated":true}]}}