{"id":306643,"date":"2024-07-18T11:21:54","date_gmt":"2024-07-18T14:21:54","guid":{"rendered":"https:\/\/www.livrariarema.com.br\/loja\/produtos\/sem categoria\/maravilhosa-vida-de-jesus-a-hesba-stretton\/"},"modified":"2026-02-10T17:12:40","modified_gmt":"2026-02-10T20:12:40","slug":"maravilhosa-vida-de-jesus-a-hesba-stretton","status":"publish","type":"product","link":"https:\/\/www.livrariarema.com.br\/loja\/produtos\/livros\/juvenil\/maravilhosa-vida-de-jesus-a-hesba-stretton\/","title":{"rendered":"Maravilhosa Vida De Jesus, A &#8211; Hesba Stretton"},"content":{"rendered":"<p>A maravilhosa vida de Jesus est\u00e1 registrada sob \u00eanfases diferentes nos quatro evangelhos. Cada evangelho aborda um aspecto espec\u00edfico da vida e do minist\u00e9rio de Jesus, e por isso os relatos n\u00e3o s\u00e3o lineares nem id\u00eanticos uns aos outros. Meditamos nas palavras e na vida do Deus Filho revelado nas Escrituras e somos espiritualmente alimentados, encorajados, exortados e revigorados ao faz\u00ea-lo. No entanto, voc\u00ea j\u00e1 desejou ler a hist\u00f3ria de Jesus de forma sequenciada, organizada em uma \u00fanica narrativa?<br \/>\nHesba Stretton foi muito feliz ao empregar seu ineg\u00e1vel talento liter\u00e1rio ao trabalho de conceituados eruditos b\u00edblicos de reunir as hist\u00f3rias contidas nos quatro evangelhos em um \u00fanico relato, embasados em estudos minuciosos acerca do contexto hist\u00f3rico, cultural e geogr\u00e1fico que comp\u00f5e o pano de fundo dessa hist\u00f3ria. O resultado \u00e9 uma narrativa bela e fluida da vida de Cristo.<\/p>\n","protected":false},"excerpt":{"rendered":"<p>A maravilhosa vida de Jesus est\u00e1 registrada sob \u00eanfases diferentes nos quatro evangelhos. Cada evangelho aborda um aspecto espec\u00edfico da&hellip;<\/p>\n","protected":false},"featured_media":344111,"comment_status":"open","ping_status":"closed","template":"","meta":[],"product_cat":[184,134],"product_tag":[],"_links":{"self":[{"href":"https:\/\/www.livrariarema.com.br\/loja\/wp-json\/wp\/v2\/product\/306643"}],"collection":[{"href":"https:\/\/www.livrariarema.com.br\/loja\/wp-json\/wp\/v2\/product"}],"about":[{"href":"https:\/\/www.livrariarema.com.br\/loja\/wp-json\/wp\/v2\/types\/product"}],"replies":[{"embeddable":true,"href":"https:\/\/www.livrariarema.com.br\/loja\/wp-json\/wp\/v2\/comments?post=306643"}],"wp:featuredmedia":[{"embeddable":true,"href":"https:\/\/www.livrariarema.com.br\/loja\/wp-json\/wp\/v2\/media\/344111"}],"wp:attachment":[{"href":"https:\/\/www.livrariarema.com.br\/loja\/wp-json\/wp\/v2\/media?parent=306643"}],"wp:term":[{"taxonomy":"product_cat","embeddable":true,"href":"https:\/\/www.livrariarema.com.br\/loja\/wp-json\/wp\/v2\/product_cat?post=306643"},{"taxonomy":"product_tag","embeddable":true,"href":"https:\/\/www.livrariarema.com.br\/loja\/wp-json\/wp\/v2\/product_tag?post=306643"}],"curies":[{"name":"wp","href":"https:\/\/api.w.org\/{rel}","templated":true}]}}