{"id":306649,"date":"2024-07-18T11:22:15","date_gmt":"2024-07-18T14:22:15","guid":{"rendered":"https:\/\/www.livrariarema.com.br\/loja\/produtos\/sem categoria\/alguem-salve-o-tulio-dos-monstros-paula-romero-e-bruna-simone\/"},"modified":"2025-11-08T11:51:44","modified_gmt":"2025-11-08T14:51:44","slug":"alguem-salve-o-tulio-dos-monstros-paula-romero-e-bruna-simone","status":"publish","type":"product","link":"https:\/\/www.livrariarema.com.br\/loja\/produtos\/livros\/infantil\/alguem-salve-o-tulio-dos-monstros-paula-romero-e-bruna-simone\/","title":{"rendered":"Algu\u00e9m Salve O T\u00falio Dos Monstros &#8211; Paula Romero E Bruna Simone"},"content":{"rendered":"<p>Por causa de uma ideia muito maluca e nada higi\u00eanica, T\u00falio descobre que h\u00e1 mais monstros morando dentro dele do que imaginava. Essa n\u00e3o!<\/p>\n<p>Por\u00e9m, mais uma vez, ele conta com a ajuda da fam\u00edlia e dos amigos para buscar uma solu\u00e7\u00e3o para um problem\u00e3o.<\/p>\n","protected":false},"excerpt":{"rendered":"<p>Por causa de uma ideia muito maluca e nada higi\u00eanica, T\u00falio descobre que h\u00e1 mais monstros morando dentro dele do&hellip;<\/p>\n","protected":false},"featured_media":324569,"comment_status":"open","ping_status":"closed","template":"","meta":[],"product_cat":[144,134],"product_tag":[],"_links":{"self":[{"href":"https:\/\/www.livrariarema.com.br\/loja\/wp-json\/wp\/v2\/product\/306649"}],"collection":[{"href":"https:\/\/www.livrariarema.com.br\/loja\/wp-json\/wp\/v2\/product"}],"about":[{"href":"https:\/\/www.livrariarema.com.br\/loja\/wp-json\/wp\/v2\/types\/product"}],"replies":[{"embeddable":true,"href":"https:\/\/www.livrariarema.com.br\/loja\/wp-json\/wp\/v2\/comments?post=306649"}],"wp:featuredmedia":[{"embeddable":true,"href":"https:\/\/www.livrariarema.com.br\/loja\/wp-json\/wp\/v2\/media\/324569"}],"wp:attachment":[{"href":"https:\/\/www.livrariarema.com.br\/loja\/wp-json\/wp\/v2\/media?parent=306649"}],"wp:term":[{"taxonomy":"product_cat","embeddable":true,"href":"https:\/\/www.livrariarema.com.br\/loja\/wp-json\/wp\/v2\/product_cat?post=306649"},{"taxonomy":"product_tag","embeddable":true,"href":"https:\/\/www.livrariarema.com.br\/loja\/wp-json\/wp\/v2\/product_tag?post=306649"}],"curies":[{"name":"wp","href":"https:\/\/api.w.org\/{rel}","templated":true}]}}