{"id":306651,"date":"2024-07-18T11:22:21","date_gmt":"2024-07-18T14:22:21","guid":{"rendered":"https:\/\/www.livrariarema.com.br\/loja\/produtos\/sem categoria\/primeira-oracao-de-jessica-a-hesba-stretton\/"},"modified":"2025-04-01T17:51:20","modified_gmt":"2025-04-01T20:51:20","slug":"primeira-oracao-de-jessica-a-hesba-stretton","status":"publish","type":"product","link":"https:\/\/www.livrariarema.com.br\/loja\/produtos\/livros\/infantil\/primeira-oracao-de-jessica-a-hesba-stretton\/","title":{"rendered":"Primeira Ora\u00e7\u00e3o De J\u00e9ssica, A &#8211; Hesba Stretton"},"content":{"rendered":"<p>J\u00e9ssica \u00e9 uma menina muito pobre e negligenciada pela pr\u00f3pria m\u00e3e e pela sociedade. Um dia comum em que andava pelas ruas de Londres a procura de calor e alimento, J\u00e9ssica conheceu Daniel Standring, o dono de uma banca de caf\u00e9, que lhe ofereceu a pouca miseric\u00f3rdia que tinha.<\/p>\n<p>Um novo mundo se abre para J\u00e9ssica quando ela resolve seguir Daniel pelas ruas escuras at\u00e9 um edif\u00edcio onde cantavam-se belos hinos e falava-se de coisas que ela pouco sabia, mas que faziam seu cora\u00e7\u00e3o estremecer de alegria.<\/p>\n<p>&#8230; Em verdade vos afirmo que, sempre que o fizestes a um destes meus pequeninos irm\u00e3os, a mim o fizestes. (Mateus 25:40)<\/p>\n","protected":false},"excerpt":{"rendered":"<p>J\u00e9ssica \u00e9 uma menina muito pobre e negligenciada pela pr\u00f3pria m\u00e3e e pela sociedade. Um dia comum em que andava&hellip;<\/p>\n","protected":false},"featured_media":324589,"comment_status":"open","ping_status":"closed","template":"","meta":[],"product_cat":[144,134],"product_tag":[],"_links":{"self":[{"href":"https:\/\/www.livrariarema.com.br\/loja\/wp-json\/wp\/v2\/product\/306651"}],"collection":[{"href":"https:\/\/www.livrariarema.com.br\/loja\/wp-json\/wp\/v2\/product"}],"about":[{"href":"https:\/\/www.livrariarema.com.br\/loja\/wp-json\/wp\/v2\/types\/product"}],"replies":[{"embeddable":true,"href":"https:\/\/www.livrariarema.com.br\/loja\/wp-json\/wp\/v2\/comments?post=306651"}],"wp:featuredmedia":[{"embeddable":true,"href":"https:\/\/www.livrariarema.com.br\/loja\/wp-json\/wp\/v2\/media\/324589"}],"wp:attachment":[{"href":"https:\/\/www.livrariarema.com.br\/loja\/wp-json\/wp\/v2\/media?parent=306651"}],"wp:term":[{"taxonomy":"product_cat","embeddable":true,"href":"https:\/\/www.livrariarema.com.br\/loja\/wp-json\/wp\/v2\/product_cat?post=306651"},{"taxonomy":"product_tag","embeddable":true,"href":"https:\/\/www.livrariarema.com.br\/loja\/wp-json\/wp\/v2\/product_tag?post=306651"}],"curies":[{"name":"wp","href":"https:\/\/api.w.org\/{rel}","templated":true}]}}