{"id":306653,"date":"2024-07-18T11:22:27","date_gmt":"2024-07-18T14:22:27","guid":{"rendered":"https:\/\/www.livrariarema.com.br\/loja\/produtos\/sem categoria\/milly-e-os-filhos-prodigos-amelia-sophia-le-feuvre\/"},"modified":"2025-12-15T19:51:30","modified_gmt":"2025-12-15T22:51:30","slug":"milly-e-os-filhos-prodigos-amelia-sophia-le-feuvre","status":"publish","type":"product","link":"https:\/\/www.livrariarema.com.br\/loja\/produtos\/livros\/juvenil\/milly-e-os-filhos-prodigos-amelia-sophia-le-feuvre\/","title":{"rendered":"Milly E Os Filhos Pr\u00f3digos &#8211; Amelia Sophia Le Feuvre"},"content":{"rendered":"<p>Sir Edward Wentworth \u00e9 um solteir\u00e3o convicto que odeia crian\u00e7as. Por isso, ficou muito perturbado com a not\u00edcia de que sua sobrinha, Milly, filha de sua falecida irm\u00e3, viria morar definitivamente com ele.<\/p>\n<p>Mas ser\u00e1 que a rabugice de Sir Edward \u00e9 p\u00e1reo para a do\u00e7ura de Milly?<\/p>\n<p>Milly \u00e9 uma menina ador\u00e1vel, que ama ouvir as hist\u00f3rias da B\u00edblia que sua bab\u00e1 lhe conta, mas sua preferida \u00e9 a do Filho Pr\u00f3digo. E, desde que chegou \u00e0 casa do tio, a menina n\u00e3o perde a oportunidade de encontrar um filho pr\u00f3digo de verdade e &#8211; quem sabe -, at\u00e9 de ajud\u00e1-lo a voltar para casa.<\/p>\n<p>Para sua alegria, ela encontra n\u00e3o apenas um, mas alguns filhos pr\u00f3digos.<\/p>\n<p>Levantar-me-ei, e irei ter com o meu pai, e lhe direi: Pai, pequei contra o c\u00e9u e diante de ti (Lucas 15:18)<\/p>\n","protected":false},"excerpt":{"rendered":"<p>Sir Edward Wentworth \u00e9 um solteir\u00e3o convicto que odeia crian\u00e7as. Por isso, ficou muito perturbado com a not\u00edcia de que&hellip;<\/p>\n","protected":false},"featured_media":324566,"comment_status":"open","ping_status":"closed","template":"","meta":[],"product_cat":[184,134],"product_tag":[],"_links":{"self":[{"href":"https:\/\/www.livrariarema.com.br\/loja\/wp-json\/wp\/v2\/product\/306653"}],"collection":[{"href":"https:\/\/www.livrariarema.com.br\/loja\/wp-json\/wp\/v2\/product"}],"about":[{"href":"https:\/\/www.livrariarema.com.br\/loja\/wp-json\/wp\/v2\/types\/product"}],"replies":[{"embeddable":true,"href":"https:\/\/www.livrariarema.com.br\/loja\/wp-json\/wp\/v2\/comments?post=306653"}],"wp:featuredmedia":[{"embeddable":true,"href":"https:\/\/www.livrariarema.com.br\/loja\/wp-json\/wp\/v2\/media\/324566"}],"wp:attachment":[{"href":"https:\/\/www.livrariarema.com.br\/loja\/wp-json\/wp\/v2\/media?parent=306653"}],"wp:term":[{"taxonomy":"product_cat","embeddable":true,"href":"https:\/\/www.livrariarema.com.br\/loja\/wp-json\/wp\/v2\/product_cat?post=306653"},{"taxonomy":"product_tag","embeddable":true,"href":"https:\/\/www.livrariarema.com.br\/loja\/wp-json\/wp\/v2\/product_tag?post=306653"}],"curies":[{"name":"wp","href":"https:\/\/api.w.org\/{rel}","templated":true}]}}