{"id":306655,"date":"2024-07-18T11:22:33","date_gmt":"2024-07-18T14:22:33","guid":{"rendered":"https:\/\/www.livrariarema.com.br\/loja\/produtos\/sem categoria\/menino-botao-o-amelia-sophia-le-feuvre\/"},"modified":"2026-03-28T11:21:39","modified_gmt":"2026-03-28T14:21:39","slug":"menino-botao-o-amelia-sophia-le-feuvre","status":"publish","type":"product","link":"https:\/\/www.livrariarema.com.br\/loja\/produtos\/livros\/juvenil\/menino-botao-o-amelia-sophia-le-feuvre\/","title":{"rendered":"Menino-Bot\u00e3o O &#8211; Amelia Sophia Le Feuvre"},"content":{"rendered":"<p>Teddy \u00e9 um \u00f3timo contador de hist\u00f3rias, em especial da hist\u00f3ria do \u00fanico bot\u00e3o que restou do casaco que seu pai usava quando morreu em batalha. Esse bot\u00e3o \u00e9 o maior orgulho do menino, que o carrega sempre costurado ao seu colete.<\/p>\n<p>Quando crescer, Teddy quer ser soldado, como seu pai, mas gostaria de come\u00e7ar sua carreira logo, com direito a inimigo (ou inimiga) e tudo. Um dia, ap\u00f3s uma batalha fria, ele descobre que h\u00e1 um ex\u00e9rcito ao qual ele pode se alistar imediatamente &#8211; e \u00e9 isso que ele faz.<\/p>\n<p>Assim como um soldado do ex\u00e9rcito de seu pa\u00eds, o soldado leal ao Grande Capit\u00e3o enfrenta muitas dificuldades e um inimigo implac\u00e1vel, mas o faz confiante na vit\u00f3ria que seu Capit\u00e3o j\u00e1 conquistou por ele. E nunca, jamais, permite que o inimigo roube seu estandarte!<\/p>\n<p>&#8230;e o seu estandarte sobre mim \u00e9 o amor (C\u00e2nticos 2.4)<\/p>\n","protected":false},"excerpt":{"rendered":"<p>Teddy \u00e9 um \u00f3timo contador de hist\u00f3rias, em especial da hist\u00f3ria do \u00fanico bot\u00e3o que restou do casaco que seu&hellip;<\/p>\n","protected":false},"featured_media":335956,"comment_status":"open","ping_status":"closed","template":"","meta":[],"product_cat":[184,134],"product_tag":[],"_links":{"self":[{"href":"https:\/\/www.livrariarema.com.br\/loja\/wp-json\/wp\/v2\/product\/306655"}],"collection":[{"href":"https:\/\/www.livrariarema.com.br\/loja\/wp-json\/wp\/v2\/product"}],"about":[{"href":"https:\/\/www.livrariarema.com.br\/loja\/wp-json\/wp\/v2\/types\/product"}],"replies":[{"embeddable":true,"href":"https:\/\/www.livrariarema.com.br\/loja\/wp-json\/wp\/v2\/comments?post=306655"}],"wp:featuredmedia":[{"embeddable":true,"href":"https:\/\/www.livrariarema.com.br\/loja\/wp-json\/wp\/v2\/media\/335956"}],"wp:attachment":[{"href":"https:\/\/www.livrariarema.com.br\/loja\/wp-json\/wp\/v2\/media?parent=306655"}],"wp:term":[{"taxonomy":"product_cat","embeddable":true,"href":"https:\/\/www.livrariarema.com.br\/loja\/wp-json\/wp\/v2\/product_cat?post=306655"},{"taxonomy":"product_tag","embeddable":true,"href":"https:\/\/www.livrariarema.com.br\/loja\/wp-json\/wp\/v2\/product_tag?post=306655"}],"curies":[{"name":"wp","href":"https:\/\/api.w.org\/{rel}","templated":true}]}}