{"id":306978,"date":"2024-07-23T10:17:28","date_gmt":"2024-07-23T13:17:28","guid":{"rendered":"https:\/\/www.livrariarema.com.br\/loja\/produtos\/sem categoria\/novo-testamento-em-seu-mundo-o-n-t-wright\/"},"modified":"2026-02-24T12:32:24","modified_gmt":"2026-02-24T15:32:24","slug":"novo-testamento-em-seu-mundo-o-n-t-wright","status":"publish","type":"product","link":"https:\/\/www.livrariarema.com.br\/loja\/produtos\/livros\/teologia\/novo-testamento-em-seu-mundo-o-n-t-wright\/","title":{"rendered":"Novo Testamento Em Seu Mundo, O &#8211; N. T. Wright"},"content":{"rendered":"<p>Guia ideal para estudantes, O Novo Testamento em seu mundo aborda muitas das dif\u00edceis quest\u00f5es enfrentadas por aqueles que estudam o cristianismo primitivo, entre as quais:<\/p>\n<p>&#8211; Qual era o entendimento no primeiro s\u00e9culo acerca do reino de Deus?<br \/>\n&#8211; Qual \u00e9 o significado da ressurrei\u00e7\u00e3o de Cristo em seu contexto original?<br \/>\n&#8211; O que s\u00e3o os Evangelhos e como surgiram?<br \/>\n&#8211; Quem foi Paulo e por que suas cartas s\u00e3o t\u00e3o controvertidas?<\/p>\n<p>Escrito tanto para sala de aula quanto para uso pessoal, esta obra re\u00fane, em um s\u00f3 volume, d\u00e9cadas de pesquisas, publica\u00e7\u00f5es e ensinos inovadores. Apresenta os livros do Novo Testamento e seus assuntos dentro do contexto hist\u00f3rico e social do juda\u00edsmo do Segundo Templo e da pol\u00edtica e cultura greco-romanas. Entre seus recursos est\u00e3o:<\/p>\n<p>&#8211; INTRODU\u00c7\u00d5ES A CADA LIVRO DO NOVO TESTAMENTO, que tratam de seu significado, fornecem coment\u00e1rios sobre seu conte\u00fado e oferecem implica\u00e7\u00f5es para a vida crist\u00e3;<\/p>\n<p>&#8211; Se\u00e7\u00f5es importantes sobre o JESUS HIST\u00d3RICO, sobre a RESSURREI\u00c7\u00c3O DE JESUS e sobre a cronologia e a teologia de Paulo;<\/p>\n<p>&#8211; Abordagens atuais sobre a CR\u00cdTICA TEXTUAL e o PROCESSO DE CANONIZA\u00c7\u00c3O DO NOVO TESTAMENTO;<\/p>\n<p>&#8211; ILUSTRA\u00c7\u00d5ES, MAPAS, TABELAS, DIAGRAMAS E GRAVURAS, espalhadas por toda a obra, que fornecem explica\u00e7\u00f5es e insights adicionais;<\/p>\n<p>&#8211; Uma S\u00cdNTESE DA OBRA COMPLETA DE N. T. WRIGHT sobre o Novo Testamento, com contribui\u00e7\u00f5es de Michael Bird.<\/p>\n","protected":false},"excerpt":{"rendered":"<p>Guia ideal para estudantes, O Novo Testamento em seu mundo aborda muitas das dif\u00edceis quest\u00f5es enfrentadas por aqueles que estudam&hellip;<\/p>\n","protected":false},"featured_media":345351,"comment_status":"open","ping_status":"closed","template":"","meta":[],"product_cat":[134,136],"product_tag":[],"_links":{"self":[{"href":"https:\/\/www.livrariarema.com.br\/loja\/wp-json\/wp\/v2\/product\/306978"}],"collection":[{"href":"https:\/\/www.livrariarema.com.br\/loja\/wp-json\/wp\/v2\/product"}],"about":[{"href":"https:\/\/www.livrariarema.com.br\/loja\/wp-json\/wp\/v2\/types\/product"}],"replies":[{"embeddable":true,"href":"https:\/\/www.livrariarema.com.br\/loja\/wp-json\/wp\/v2\/comments?post=306978"}],"wp:featuredmedia":[{"embeddable":true,"href":"https:\/\/www.livrariarema.com.br\/loja\/wp-json\/wp\/v2\/media\/345351"}],"wp:attachment":[{"href":"https:\/\/www.livrariarema.com.br\/loja\/wp-json\/wp\/v2\/media?parent=306978"}],"wp:term":[{"taxonomy":"product_cat","embeddable":true,"href":"https:\/\/www.livrariarema.com.br\/loja\/wp-json\/wp\/v2\/product_cat?post=306978"},{"taxonomy":"product_tag","embeddable":true,"href":"https:\/\/www.livrariarema.com.br\/loja\/wp-json\/wp\/v2\/product_tag?post=306978"}],"curies":[{"name":"wp","href":"https:\/\/api.w.org\/{rel}","templated":true}]}}