{"id":306990,"date":"2024-07-23T10:18:18","date_gmt":"2024-07-23T13:18:18","guid":{"rendered":"https:\/\/www.livrariarema.com.br\/loja\/produtos\/sem%20categoria\/trilogia-logos-as-andorinhas-de-um-continente-em-chamas-gabriela-fernandes\/"},"modified":"2026-03-31T13:51:56","modified_gmt":"2026-03-31T16:51:56","slug":"trilogia-logos-as-andorinhas-de-um-continente-em-chamas-gabriela-fernandes","status":"publish","type":"product","link":"https:\/\/www.livrariarema.com.br\/loja\/produtos\/livros\/juvenil\/trilogia-logos-as-andorinhas-de-um-continente-em-chamas-gabriela-fernandes\/","title":{"rendered":"Trilogia Logos &#8211; Vol. 1 &#8211; As Andorinhas De Um Continente Em Chamas &#8211; Gabriela Fernandes"},"content":{"rendered":"<p>Em um mundo em ru\u00ednas, uma chama de esperan\u00e7a pode mudar tudo.<\/p>\n<p>Em um planeta devastado pela mis\u00e9ria e dividido pela guerra, Kelaya, uma implac\u00e1vel oficial da Fenda, a fac\u00e7\u00e3o rebelde que dominou parte do territ\u00f3rio, se v\u00ea diante de uma miss\u00e3o que mudar\u00e1 seu destino. Ap\u00f3s descobrir a exist\u00eancia de um artefato misterioso que pode alterar os rumos da guerra vigente, Kelaya \u00e9 for\u00e7ada a unir for\u00e7as com o capit\u00e3o Zion Haskel, um antigo conhecido da academia militar e a \u00faltima pessoa com a qual ela gostaria de se aliar em combate.<\/p>\n<p>Mas, quando segredos obscuros e trai\u00e7\u00f5es dolorosas, v\u00eam \u00e0 tona, ela se v\u00ea diante de uma escolha imposs\u00edvel: abandonar o dever no qual ela sempre acreditou ou trilhar seu pr\u00f3prio caminho em busca da verdade?<\/p>\n","protected":false},"excerpt":{"rendered":"<p>Em um mundo em ru\u00ednas, uma chama de esperan\u00e7a pode mudar tudo. Em um planeta devastado pela mis\u00e9ria e dividido&hellip;<\/p>\n","protected":false},"featured_media":343103,"comment_status":"open","ping_status":"closed","template":"","meta":[],"product_cat":[184,134],"product_tag":[],"_links":{"self":[{"href":"https:\/\/www.livrariarema.com.br\/loja\/wp-json\/wp\/v2\/product\/306990"}],"collection":[{"href":"https:\/\/www.livrariarema.com.br\/loja\/wp-json\/wp\/v2\/product"}],"about":[{"href":"https:\/\/www.livrariarema.com.br\/loja\/wp-json\/wp\/v2\/types\/product"}],"replies":[{"embeddable":true,"href":"https:\/\/www.livrariarema.com.br\/loja\/wp-json\/wp\/v2\/comments?post=306990"}],"wp:featuredmedia":[{"embeddable":true,"href":"https:\/\/www.livrariarema.com.br\/loja\/wp-json\/wp\/v2\/media\/343103"}],"wp:attachment":[{"href":"https:\/\/www.livrariarema.com.br\/loja\/wp-json\/wp\/v2\/media?parent=306990"}],"wp:term":[{"taxonomy":"product_cat","embeddable":true,"href":"https:\/\/www.livrariarema.com.br\/loja\/wp-json\/wp\/v2\/product_cat?post=306990"},{"taxonomy":"product_tag","embeddable":true,"href":"https:\/\/www.livrariarema.com.br\/loja\/wp-json\/wp\/v2\/product_tag?post=306990"}],"curies":[{"name":"wp","href":"https:\/\/api.w.org\/{rel}","templated":true}]}}