{"id":307000,"date":"2024-07-23T10:19:05","date_gmt":"2024-07-23T13:19:05","guid":{"rendered":"https:\/\/www.livrariarema.com.br\/loja\/produtos\/sem categoria\/os-evangelhos-bilingue-portugues-ingles-nvi-niv-capa-pu\/"},"modified":"2026-03-26T15:20:46","modified_gmt":"2026-03-26T18:20:46","slug":"os-evangelhos-bilingue-portugues-ingles-nvi-niv-capa-pu","status":"publish","type":"product","link":"https:\/\/www.livrariarema.com.br\/loja\/produtos\/biblias\/outros-idiomas\/os-evangelhos-bilingue-portugues-ingles-nvi-niv-capa-pu\/","title":{"rendered":"Os Evangelhos &#8211; Bil\u00edngue &#8211; Portugu\u00eas\/Ingl\u00eas &#8211; Nvi\/Niv &#8211; Capa Pu"},"content":{"rendered":"<p>REDESCUBRA OS EVANGELHOS EM UMA EDI\u00c7\u00c3O BIL\u00cdNGUE DE LUXO<\/p>\n<p>Os Evangelhos &#8211; Edi\u00e7\u00e3o Bil\u00edngue apresenta os textos can\u00f4nicos de Mateus, Marcos, Lucas e Jo\u00e3o na Nova Vers\u00e3o Internacional (NVI), em portugu\u00eas, e na New International Version (NIV), em ingl\u00eas. Conhecidas por sua confiabilidade e clareza, essas vers\u00f5es t\u00eam como objetivo comunicar a palavra de Deus ao leitor moderno com o mesmo impacto que o texto b\u00edblico original teve entre os primeiros crist\u00e3os. A edi\u00e7\u00e3o conta ainda com a exclusiva fonte Leitura Perfeita, impress\u00e3o em azul nas palavras de Jesus e diagrama\u00e7\u00e3o em duas colunas, permitindo ao leitor o contato simult\u00e2neo com o texto b\u00edblico em portugu\u00eas e em ingl\u00eas.<\/p>\n<p>CARACTER\u00cdSTICAS:<\/p>\n<p>&#8211; Texto dos quatro Evangelhos na \u00edntegra na Nova Vers\u00e3o Internacional (NVI23) e na New International Version (NIV23).<br \/>\n&#8211; Diagrama\u00e7\u00e3o em duas colunas para r\u00e1pida compara\u00e7\u00e3o entre os textos.<br \/>\n&#8211; Vers\u00edculos em portugu\u00eas sincronizados sempre na mesma linha, facilitando a leitura dos dois idiomas.<br \/>\n&#8211; Palavras de Jesus em azul, destacando os ensinamentos do Mestre.<br \/>\n&#8211; A exclusiva fonte Leitura Perfeita, uma tipologia exclusiva que integra os melhores avan\u00e7os em tipografia de B\u00edblias modernas para uma leitura mais confort\u00e1vel.<\/p>\n","protected":false},"excerpt":{"rendered":"<p>REDESCUBRA OS EVANGELHOS EM UMA EDI\u00c7\u00c3O BIL\u00cdNGUE DE LUXO Os Evangelhos &#8211; Edi\u00e7\u00e3o Bil\u00edngue apresenta os textos can\u00f4nicos de Mateus,&hellip;<\/p>\n","protected":false},"featured_media":306999,"comment_status":"open","ping_status":"closed","template":"","meta":[],"product_cat":[139,141],"product_tag":[],"_links":{"self":[{"href":"https:\/\/www.livrariarema.com.br\/loja\/wp-json\/wp\/v2\/product\/307000"}],"collection":[{"href":"https:\/\/www.livrariarema.com.br\/loja\/wp-json\/wp\/v2\/product"}],"about":[{"href":"https:\/\/www.livrariarema.com.br\/loja\/wp-json\/wp\/v2\/types\/product"}],"replies":[{"embeddable":true,"href":"https:\/\/www.livrariarema.com.br\/loja\/wp-json\/wp\/v2\/comments?post=307000"}],"wp:featuredmedia":[{"embeddable":true,"href":"https:\/\/www.livrariarema.com.br\/loja\/wp-json\/wp\/v2\/media\/306999"}],"wp:attachment":[{"href":"https:\/\/www.livrariarema.com.br\/loja\/wp-json\/wp\/v2\/media?parent=307000"}],"wp:term":[{"taxonomy":"product_cat","embeddable":true,"href":"https:\/\/www.livrariarema.com.br\/loja\/wp-json\/wp\/v2\/product_cat?post=307000"},{"taxonomy":"product_tag","embeddable":true,"href":"https:\/\/www.livrariarema.com.br\/loja\/wp-json\/wp\/v2\/product_tag?post=307000"}],"curies":[{"name":"wp","href":"https:\/\/api.w.org\/{rel}","templated":true}]}}