{"id":307180,"date":"2024-07-24T09:22:19","date_gmt":"2024-07-24T12:22:19","guid":{"rendered":"https:\/\/www.livrariarema.com.br\/loja\/produtos\/sem categoria\/biblia-de-estudo-scofield-azul\/"},"modified":"2025-09-08T14:30:30","modified_gmt":"2025-09-08T17:30:30","slug":"biblia-de-estudo-scofield-azul","status":"publish","type":"product","link":"https:\/\/www.livrariarema.com.br\/loja\/produtos\/biblias\/estudo\/biblia-de-estudo-scofield-azul\/","title":{"rendered":"B\u00edblia De Estudo Scofield &#8211; Azul"},"content":{"rendered":"<p>O nome Scofield e seu conhecido sistema de estudo b\u00edblico s\u00e3o reconhecidos mundialmente n\u00e3o apenas por estudiosos e pastores, mas tamb\u00e9m por milhares de crist\u00e3os e estudantes das Escrituras Sagradas. Esta edi\u00e7\u00e3o da B\u00edblia de Estudo Scofield une a vers\u00e3o Almeida Edi\u00e7\u00e3o Contempor\u00e2nea (AEC) com o renomado m\u00e9todo dispensacional de estudo b\u00edblico introduzido pela primeira vez por C. I. Scofield. <br \/>\nUm conselho editorial de te\u00f3logos revisou, atualizou e ampliou as notas originais do dr. Scofield, em um processo que culminou com a apresenta\u00e7\u00e3o desta edi\u00e7\u00e3o preparada em l\u00edngua portuguesa. Atrav\u00e9s das notas e coment\u00e1rios desta B\u00edblia ser\u00e1 visto o car\u00e1ter progressivo das rela\u00e7\u00f5es de Deus com a humanidade. A B\u00edblia de Estudo Scofield inclui: <br \/>\n&#8211; Introdu\u00e7\u00f5es \u00e0s distintas se\u00e7\u00f5es da B\u00edblia e de cada livro <br \/>\n&#8211; Esbo\u00e7os abreviados de cada livro <br \/>\n&#8211; Numerosos subt\u00edtulos no texto b\u00edblico <br \/>\n&#8211; Notas de rodap\u00e9 sobre aspectos do texto b\u00edblico <br \/>\n&#8211; Refer\u00eancias na coluna central (AT) e em colunas laterais (NT) <br \/>\n&#8211; Palavras de Jesus em vermelho <br \/>\n&#8211; Sistema de Refer\u00eancia Tem\u00e1tica <br \/>\n&#8211; \u00cdndice de Refer\u00eancias Tem\u00e1ticas <br \/>\n&#8211; \u00cdndice dos principais t\u00f3picos das notas de rodap\u00e9 <br \/>\n&#8211; Guia de cita\u00e7\u00f5es do AT e NT <br \/>\n&#8211; \u00cdndice de t\u00f3picos selecionados <br \/>\n&#8211; Mapas<\/p>\n","protected":false},"excerpt":{"rendered":"<p>O nome Scofield e seu conhecido sistema de estudo b\u00edblico s\u00e3o reconhecidos mundialmente n\u00e3o apenas por estudiosos e pastores, mas&hellip;<\/p>\n","protected":false},"featured_media":307179,"comment_status":"open","ping_status":"closed","template":"","meta":[],"product_cat":[139,140],"product_tag":[],"_links":{"self":[{"href":"https:\/\/www.livrariarema.com.br\/loja\/wp-json\/wp\/v2\/product\/307180"}],"collection":[{"href":"https:\/\/www.livrariarema.com.br\/loja\/wp-json\/wp\/v2\/product"}],"about":[{"href":"https:\/\/www.livrariarema.com.br\/loja\/wp-json\/wp\/v2\/types\/product"}],"replies":[{"embeddable":true,"href":"https:\/\/www.livrariarema.com.br\/loja\/wp-json\/wp\/v2\/comments?post=307180"}],"wp:featuredmedia":[{"embeddable":true,"href":"https:\/\/www.livrariarema.com.br\/loja\/wp-json\/wp\/v2\/media\/307179"}],"wp:attachment":[{"href":"https:\/\/www.livrariarema.com.br\/loja\/wp-json\/wp\/v2\/media?parent=307180"}],"wp:term":[{"taxonomy":"product_cat","embeddable":true,"href":"https:\/\/www.livrariarema.com.br\/loja\/wp-json\/wp\/v2\/product_cat?post=307180"},{"taxonomy":"product_tag","embeddable":true,"href":"https:\/\/www.livrariarema.com.br\/loja\/wp-json\/wp\/v2\/product_tag?post=307180"}],"curies":[{"name":"wp","href":"https:\/\/api.w.org\/{rel}","templated":true}]}}