{"id":307186,"date":"2024-07-24T09:22:37","date_gmt":"2024-07-24T12:22:37","guid":{"rendered":"https:\/\/www.livrariarema.com.br\/loja\/produtos\/sem categoria\/melhores-decisoes-menos-arrependimentos-andy-stanley\/"},"modified":"2024-11-13T09:54:36","modified_gmt":"2024-11-13T12:54:36","slug":"melhores-decisoes-menos-arrependimentos-andy-stanley","status":"publish","type":"product","link":"https:\/\/www.livrariarema.com.br\/loja\/produtos\/livros\/lideranca\/melhores-decisoes-menos-arrependimentos-andy-stanley\/","title":{"rendered":"Melhores Decis\u00f5es, Menos Arrependimentos &#8211; Andy Stanley"},"content":{"rendered":"<p>Boas perguntas levam a melhores decis\u00f5es.<\/p>\n<p>Descubra cinco perguntas revolucion\u00e1rias para fazer sempre antes de tomar uma decis\u00e3o &#8211; perguntas que ajudar\u00e3o em suas finan\u00e7as, relacionamentos, carreira e muito mais. Suas decis\u00f5es determinam a dire\u00e7\u00e3o e a qualidade da sua vida, e tamb\u00e9m criam a sua hist\u00f3ria. Embora ningu\u00e9m planeje complicar a pr\u00f3pria vida ao tomar decis\u00f5es ruins, muitas pessoas n\u00e3o sabem como fazer boas escolhas. Em Melhores decis\u00f5es, menos arrependimentos, Andy Stanley ajudar\u00e1 voc\u00ea a aprender a parar de tomar decis\u00f5es ruins.<\/p>\n","protected":false},"excerpt":{"rendered":"<p>Boas perguntas levam a melhores decis\u00f5es. Descubra cinco perguntas revolucion\u00e1rias para fazer sempre antes de tomar uma decis\u00e3o &#8211; perguntas&hellip;<\/p>\n","protected":false},"featured_media":318547,"comment_status":"open","ping_status":"closed","template":"","meta":[],"product_cat":[153,134],"product_tag":[],"_links":{"self":[{"href":"https:\/\/www.livrariarema.com.br\/loja\/wp-json\/wp\/v2\/product\/307186"}],"collection":[{"href":"https:\/\/www.livrariarema.com.br\/loja\/wp-json\/wp\/v2\/product"}],"about":[{"href":"https:\/\/www.livrariarema.com.br\/loja\/wp-json\/wp\/v2\/types\/product"}],"replies":[{"embeddable":true,"href":"https:\/\/www.livrariarema.com.br\/loja\/wp-json\/wp\/v2\/comments?post=307186"}],"wp:featuredmedia":[{"embeddable":true,"href":"https:\/\/www.livrariarema.com.br\/loja\/wp-json\/wp\/v2\/media\/318547"}],"wp:attachment":[{"href":"https:\/\/www.livrariarema.com.br\/loja\/wp-json\/wp\/v2\/media?parent=307186"}],"wp:term":[{"taxonomy":"product_cat","embeddable":true,"href":"https:\/\/www.livrariarema.com.br\/loja\/wp-json\/wp\/v2\/product_cat?post=307186"},{"taxonomy":"product_tag","embeddable":true,"href":"https:\/\/www.livrariarema.com.br\/loja\/wp-json\/wp\/v2\/product_tag?post=307186"}],"curies":[{"name":"wp","href":"https:\/\/api.w.org\/{rel}","templated":true}]}}