{"id":307191,"date":"2024-07-24T09:22:54","date_gmt":"2024-07-24T12:22:54","guid":{"rendered":"https:\/\/www.livrariarema.com.br\/loja\/produtos\/sem categoria\/organize-sua-desordem-mental-dra-caroline-leaf\/"},"modified":"2025-05-17T12:20:19","modified_gmt":"2025-05-17T15:20:19","slug":"organize-sua-desordem-mental-dra-caroline-leaf","status":"publish","type":"product","link":"https:\/\/www.livrariarema.com.br\/loja\/produtos\/livros\/saude\/organize-sua-desordem-mental-dra-caroline-leaf\/","title":{"rendered":"Organize Sua Desordem Mental &#8211; Dra. Caroline Leaf"},"content":{"rendered":"<p>Pensamentos t\u00f3xicos, depress\u00e3o, ansiedade &#8211; nossa desordem mental \u00e9 frequentemente agravada por um mundo ca\u00f3tico e sustentada pela incapacidade que temos de controlar pensamentos desordenados. Mas n\u00e3o devemos nos acomodar a essa desordem mental como se fosse nosso novo normal. H\u00e1 esperan\u00e7a e ajuda dispon\u00edveis para n\u00f3s &#8211; e a estrada para pensamentos mais saud\u00e1veis e para o pico de felicidade \u00e9, de fato, mais curta do que voc\u00ea imagina.<\/p>\n<p>Respaldada por pesquisa cl\u00ednica e com base em estudos de caso de grande impacto, a dra. Caroline Leaf apresenta um plano de cinco passos, comprovado cientificamente, para descobrir e eliminar a raiz da ansiedade, depress\u00e3o e pensamentos intrusos em sua vida para que sua sa\u00fade f\u00edsica e mental seja extraordinariamente melhorada. Em apenas 21 dias, voc\u00ea poder\u00e1 come\u00e7ar a organizar sua desordem mental e seguir o caminho da plenitude, paz e felicidade.<\/p>\n","protected":false},"excerpt":{"rendered":"<p>Pensamentos t\u00f3xicos, depress\u00e3o, ansiedade &#8211; nossa desordem mental \u00e9 frequentemente agravada por um mundo ca\u00f3tico e sustentada pela incapacidade que&hellip;<\/p>\n","protected":false},"featured_media":328664,"comment_status":"open","ping_status":"closed","template":"","meta":[],"product_cat":[134,313],"product_tag":[],"_links":{"self":[{"href":"https:\/\/www.livrariarema.com.br\/loja\/wp-json\/wp\/v2\/product\/307191"}],"collection":[{"href":"https:\/\/www.livrariarema.com.br\/loja\/wp-json\/wp\/v2\/product"}],"about":[{"href":"https:\/\/www.livrariarema.com.br\/loja\/wp-json\/wp\/v2\/types\/product"}],"replies":[{"embeddable":true,"href":"https:\/\/www.livrariarema.com.br\/loja\/wp-json\/wp\/v2\/comments?post=307191"}],"wp:featuredmedia":[{"embeddable":true,"href":"https:\/\/www.livrariarema.com.br\/loja\/wp-json\/wp\/v2\/media\/328664"}],"wp:attachment":[{"href":"https:\/\/www.livrariarema.com.br\/loja\/wp-json\/wp\/v2\/media?parent=307191"}],"wp:term":[{"taxonomy":"product_cat","embeddable":true,"href":"https:\/\/www.livrariarema.com.br\/loja\/wp-json\/wp\/v2\/product_cat?post=307191"},{"taxonomy":"product_tag","embeddable":true,"href":"https:\/\/www.livrariarema.com.br\/loja\/wp-json\/wp\/v2\/product_tag?post=307191"}],"curies":[{"name":"wp","href":"https:\/\/api.w.org\/{rel}","templated":true}]}}