{"id":307545,"date":"2024-07-26T13:28:26","date_gmt":"2024-07-26T16:28:26","guid":{"rendered":"https:\/\/www.livrariarema.com.br\/loja\/produtos\/sem categoria\/como-fazer-escolhas-certas-elizabeth-george\/"},"modified":"2026-04-27T08:50:40","modified_gmt":"2026-04-27T11:50:40","slug":"como-fazer-escolhas-certas-elizabeth-george","status":"publish","type":"product","link":"https:\/\/www.livrariarema.com.br\/loja\/produtos\/livros\/mulher\/como-fazer-escolhas-certas-elizabeth-george\/","title":{"rendered":"Como Fazer Escolhas Certas &#8211; Elizabeth George"},"content":{"rendered":"<p>Voc\u00ea j\u00e1 se sentiu sobrecarregada pelas in\u00fameras decis\u00f5es que a vida exige de voc\u00ea? J\u00e1 se perguntou como encontrar a sabedoria necess\u00e1ria para fazer as escolhas certas? Neste livro inspirador, voc\u00ea descobrir\u00e1 que a vida \u00e9, de fato, cheia de escolhas, e cada uma delas molda o nosso caminho de maneiras inesperadas.<\/p>\n<p>Em Como fazer as escolhas certas, voc\u00ea ser\u00e1 guiada por princ\u00edpios pr\u00e1ticos e espirituais que transformar\u00e3o a maneira como voc\u00ea encara suas decis\u00f5es di\u00e1rias. Com cap\u00edtulos dedicados a temas como a import\u00e2ncia das escolhas, os sete passos para tomar decis\u00f5es acertadas e a administra\u00e7\u00e3o do tempo e das amizades, este livro oferece ferramentas valiosas para uma vida mais equilibrada e plena.<\/p>\n<p>A autora, com sua experi\u00eancia pessoal e seu profundo conhecimento b\u00edblico, compartilha hist\u00f3rias cativantes e li\u00e7\u00f5es poderosas que mostram como at\u00e9 as escolhas mais simples podem ter um impacto duradouro. Prepare-se para mudar sua perspectiva e encontrar o caminho para uma vida mais significativa e abundante. Fa\u00e7a a escolha certa hoje: mergulhe nesta leitura e descubra o poder de fazer as melhores escolhas!<\/p>\n","protected":false},"excerpt":{"rendered":"<p>Voc\u00ea j\u00e1 se sentiu sobrecarregada pelas in\u00fameras decis\u00f5es que a vida exige de voc\u00ea? J\u00e1 se perguntou como encontrar a&hellip;<\/p>\n","protected":false},"featured_media":346179,"comment_status":"open","ping_status":"closed","template":"","meta":[],"product_cat":[134,170],"product_tag":[],"_links":{"self":[{"href":"https:\/\/www.livrariarema.com.br\/loja\/wp-json\/wp\/v2\/product\/307545"}],"collection":[{"href":"https:\/\/www.livrariarema.com.br\/loja\/wp-json\/wp\/v2\/product"}],"about":[{"href":"https:\/\/www.livrariarema.com.br\/loja\/wp-json\/wp\/v2\/types\/product"}],"replies":[{"embeddable":true,"href":"https:\/\/www.livrariarema.com.br\/loja\/wp-json\/wp\/v2\/comments?post=307545"}],"wp:featuredmedia":[{"embeddable":true,"href":"https:\/\/www.livrariarema.com.br\/loja\/wp-json\/wp\/v2\/media\/346179"}],"wp:attachment":[{"href":"https:\/\/www.livrariarema.com.br\/loja\/wp-json\/wp\/v2\/media?parent=307545"}],"wp:term":[{"taxonomy":"product_cat","embeddable":true,"href":"https:\/\/www.livrariarema.com.br\/loja\/wp-json\/wp\/v2\/product_cat?post=307545"},{"taxonomy":"product_tag","embeddable":true,"href":"https:\/\/www.livrariarema.com.br\/loja\/wp-json\/wp\/v2\/product_tag?post=307545"}],"curies":[{"name":"wp","href":"https:\/\/api.w.org\/{rel}","templated":true}]}}