{"id":307549,"date":"2024-07-26T13:28:37","date_gmt":"2024-07-26T16:28:37","guid":{"rendered":"https:\/\/www.livrariarema.com.br\/loja\/produtos\/sem categoria\/abraao-o-pai-da-fe-hernandes-dias-lopes\/"},"modified":"2025-11-18T11:10:48","modified_gmt":"2025-11-18T14:10:48","slug":"abraao-o-pai-da-fe-hernandes-dias-lopes","status":"publish","type":"product","link":"https:\/\/www.livrariarema.com.br\/loja\/produtos\/livros\/vida-crista\/abraao-o-pai-da-fe-hernandes-dias-lopes\/","title":{"rendered":"Abra\u00e3o &#8211; O Pai Da F\u00e9 &#8211; Hernandes Dias Lopes"},"content":{"rendered":"<p>Abra\u00e3o, essa figura extraordin\u00e1ria e central na narrativa b\u00edblica, \u00e9 um personagem cuja vida \u00e9 marcada por uma f\u00e9 inabal\u00e1vel e uma obedi\u00eancia exemplar. Este livro nos leva a uma jornada atrav\u00e9s de sua vida, desde o chamado divino para deixar sua terra natal at\u00e9 os desafios e triunfos que moldaram sua caminhada. Atrav\u00e9s de suas experi\u00eancias, vemos um homem que, mesmo diante de incertezas e prova\u00e7\u00f5es, permaneceu fiel \u00e0s promessas de Deus, tornando-se assim o pai de numerosas na\u00e7\u00f5es e um modelo de f\u00e9 para gera\u00e7\u00f5es futuras.<\/p>\n<p>Nesta obra, somos convidados a explorar os altos e baixos da vida de Abra\u00e3o, desde suas falhas e momentos de d\u00favida at\u00e9 suas maiores vit\u00f3rias. Cada cap\u00edtulo revela a complexidade de um homem que n\u00e3o era perfeito, mas que estava disposto a seguir a vontade de Deus a qualquer custo. A narrativa detalhada proporciona uma vis\u00e3o profunda de como a f\u00e9 de Abra\u00e3o foi testada e fortalecida, mostrando que a verdadeira f\u00e9 \u00e9 aquela que persiste, mesmo quando os caminhos de Deus parecem insond\u00e1veis.<\/p>\n<p>Hernandes Dias Lopes, um dos maiores expoentes das Escrituras da atualidade, brinda-nos com um texto primoroso sobre a vida desse grande patriarca e nos ensina que a jornada de Abra\u00e3o \u00e9 uma poderosa li\u00e7\u00e3o sobre a confian\u00e7a em Deus. Atrav\u00e9s de suas an\u00e1lises e reflex\u00f5es, o autor nos ajuda a compreender que a f\u00e9 n\u00e3o elimina os desafios, mas nos capacita a enfrent\u00e1-los com coragem e esperan\u00e7a, confiando que Deus est\u00e1 sempre no controle e cumpre suas promessas.<\/p>\n<p>Este livro faz parte de uma sele\u00e7\u00e3o de publica\u00e7\u00f5es sobre grandes homens de Deus que marcaram a Hist\u00f3ria.<\/p>\n<p>J\u00e1 publicados pela Hagnos:<br \/> <br \/>\nPedro, pescador de homens<br \/>\nPaulo, o maior l\u00edder do cristianismo<br \/>\nJo\u00e3o Batista, o mensageiro do Rei<br \/>\nJos\u00e9, pr\u00edncipe do Egito<br \/>\nDavi, o homem segundo o cora\u00e7\u00e3o de Deus<\/p>\n","protected":false},"excerpt":{"rendered":"<p>Abra\u00e3o, essa figura extraordin\u00e1ria e central na narrativa b\u00edblica, \u00e9 um personagem cuja vida \u00e9 marcada por uma f\u00e9 inabal\u00e1vel&hellip;<\/p>\n","protected":false},"featured_media":339593,"comment_status":"open","ping_status":"closed","template":"","meta":[],"product_cat":[134,137],"product_tag":[],"_links":{"self":[{"href":"https:\/\/www.livrariarema.com.br\/loja\/wp-json\/wp\/v2\/product\/307549"}],"collection":[{"href":"https:\/\/www.livrariarema.com.br\/loja\/wp-json\/wp\/v2\/product"}],"about":[{"href":"https:\/\/www.livrariarema.com.br\/loja\/wp-json\/wp\/v2\/types\/product"}],"replies":[{"embeddable":true,"href":"https:\/\/www.livrariarema.com.br\/loja\/wp-json\/wp\/v2\/comments?post=307549"}],"wp:featuredmedia":[{"embeddable":true,"href":"https:\/\/www.livrariarema.com.br\/loja\/wp-json\/wp\/v2\/media\/339593"}],"wp:attachment":[{"href":"https:\/\/www.livrariarema.com.br\/loja\/wp-json\/wp\/v2\/media?parent=307549"}],"wp:term":[{"taxonomy":"product_cat","embeddable":true,"href":"https:\/\/www.livrariarema.com.br\/loja\/wp-json\/wp\/v2\/product_cat?post=307549"},{"taxonomy":"product_tag","embeddable":true,"href":"https:\/\/www.livrariarema.com.br\/loja\/wp-json\/wp\/v2\/product_tag?post=307549"}],"curies":[{"name":"wp","href":"https:\/\/api.w.org\/{rel}","templated":true}]}}