{"id":307553,"date":"2024-07-26T13:29:11","date_gmt":"2024-07-26T16:29:11","guid":{"rendered":"https:\/\/www.livrariarema.com.br\/loja\/produtos\/sem categoria\/mulher-que-eu-quero-ser-a-marcia-marinho\/"},"modified":"2026-02-18T11:21:28","modified_gmt":"2026-02-18T14:21:28","slug":"mulher-que-eu-quero-ser-a-marcia-marinho","status":"publish","type":"product","link":"https:\/\/www.livrariarema.com.br\/loja\/produtos\/livros\/mulher\/mulher-que-eu-quero-ser-a-marcia-marinho\/","title":{"rendered":"Mulher Que Eu Quero Ser, A &#8211; Marcia Marinho"},"content":{"rendered":"<p>Descubra a trajet\u00f3ria transformadora de A mulher que eu quero ser, um guia inspirador e profundamente pessoal para mulheres que buscam se conectar com sua verdadeira ess\u00eancia atrav\u00e9s da f\u00e9, do amor e da autoestima. M\u00e1rcia Marinho, psic\u00f3loga cl\u00ednica e conferencista renomada, compartilha sua sabedoria e experi\u00eancias de vida para ajudar voc\u00ea a trilhar um caminho de autodescoberta e crescimento espiritual. <\/p>\n<p>Neste livro, voc\u00ea encontrar\u00e1:<\/p>\n<p>&#8211; Amar a Deus: Compreenda como o amor divino \u00e9 a base para todas as outras formas de amor e descubra a for\u00e7a da ora\u00e7\u00e3o e da f\u00e9 na supera\u00e7\u00e3o dos desafios di\u00e1rios.<br \/>\n&#8211; Amar a si mesma: Explore t\u00e9cnicas de autoconhecimento e cuidado pessoal que promovem a autoestima e a autovaloriza\u00e7\u00e3o, ajudando voc\u00ea a se libertar da rejei\u00e7\u00e3o e a perdoar a si mesma.<br \/>\n&#8211; Amar o pr\u00f3ximo: Aprenda a nutrir relacionamentos saud\u00e1veis e significativos, seja com familiares, amigos ou c\u00f4njuges, fundamentados no amor genu\u00edno e no respeito m\u00fatuo.<\/p>\n<p>Com reflex\u00f5es profundas, atividades pr\u00e1ticas e vers\u00edculos b\u00edblicos selecionados para cada cap\u00edtulo, A mulher que eu quero ser \u00e9 um convite para uma transforma\u00e7\u00e3o pessoal e espiritual. M\u00e1rcia Marinho guia voc\u00ea com empatia e sabedoria, ajudando a construir uma vida plena e satisfat\u00f3ria, alinhada com os prop\u00f3sitos divinos. Prepare-se para embarcar em uma jornada de amor, f\u00e9 e autoconhecimento que revelar\u00e1 a mulher extraordin\u00e1ria que voc\u00ea foi criada para ser.<\/p>\n","protected":false},"excerpt":{"rendered":"<p>Descubra a trajet\u00f3ria transformadora de A mulher que eu quero ser, um guia inspirador e profundamente pessoal para mulheres que&hellip;<\/p>\n","protected":false},"featured_media":339588,"comment_status":"open","ping_status":"closed","template":"","meta":[],"product_cat":[134,170],"product_tag":[],"_links":{"self":[{"href":"https:\/\/www.livrariarema.com.br\/loja\/wp-json\/wp\/v2\/product\/307553"}],"collection":[{"href":"https:\/\/www.livrariarema.com.br\/loja\/wp-json\/wp\/v2\/product"}],"about":[{"href":"https:\/\/www.livrariarema.com.br\/loja\/wp-json\/wp\/v2\/types\/product"}],"replies":[{"embeddable":true,"href":"https:\/\/www.livrariarema.com.br\/loja\/wp-json\/wp\/v2\/comments?post=307553"}],"wp:featuredmedia":[{"embeddable":true,"href":"https:\/\/www.livrariarema.com.br\/loja\/wp-json\/wp\/v2\/media\/339588"}],"wp:attachment":[{"href":"https:\/\/www.livrariarema.com.br\/loja\/wp-json\/wp\/v2\/media?parent=307553"}],"wp:term":[{"taxonomy":"product_cat","embeddable":true,"href":"https:\/\/www.livrariarema.com.br\/loja\/wp-json\/wp\/v2\/product_cat?post=307553"},{"taxonomy":"product_tag","embeddable":true,"href":"https:\/\/www.livrariarema.com.br\/loja\/wp-json\/wp\/v2\/product_tag?post=307553"}],"curies":[{"name":"wp","href":"https:\/\/api.w.org\/{rel}","templated":true}]}}