{"id":307564,"date":"2024-07-26T13:33:40","date_gmt":"2024-07-26T16:33:40","guid":{"rendered":"https:\/\/www.livrariarema.com.br\/loja\/produtos\/sem%20categoria\/casamento-de-sucesso-gisele-lima\/"},"modified":"2026-03-13T17:03:45","modified_gmt":"2026-03-13T20:03:45","slug":"casamento-de-sucesso-gisele-lima","status":"publish","type":"product","link":"https:\/\/www.livrariarema.com.br\/loja\/produtos\/livros\/casamento\/casamento-de-sucesso-gisele-lima\/","title":{"rendered":"Casamento De Sucesso &#8211; Gisele Lima"},"content":{"rendered":"<p>6 atitudes que v\u00e3o revolucionar seu casamento.<\/p>\n<p>Em Casamento de sucesso, a Dra. Gisele Lima, com sua vasta experi\u00eancia de mais de 15 anos como terapeuta de casais, compartilha com profundidade e sensibilidade seis atitudes para um relacionamento forte, saud\u00e1vel, duradouro e saboroso. Ela n\u00e3o promete solu\u00e7\u00f5es f\u00e1ceis, mas um caminho de intencionalidade e comprometimento, onde cada cap\u00edtulo desdobra uma das atitudes vitais que sustentam um casamento bem-sucedido, ao melhor estilo &#8220;queijo e goiabada&#8221;.<\/p>\n<p>Atrav\u00e9s de exemplos reais e conselhos pr\u00e1ticos, cada se\u00e7\u00e3o deste livro foi cuidadosamente projetada para enfrentar os desafios e problemas comuns aos casais, sejam eles rec\u00e9m-casados ou parceiros de longa data. Com exerc\u00edcios de fixa\u00e7\u00e3o no final de cada cap\u00edtulo e com QR codes que levam o leitor a v\u00eddeos do canal da autora no YouTube, esta obra funciona como um manual interativo que incentiva a aplica\u00e7\u00e3o dos conceitos aprendidos, garantindo n\u00e3o s\u00f3 a leitura, mas tamb\u00e9m a viv\u00eancia dos princ\u00edpios ensinados.<\/p>\n<p>Casamento de sucesso \u00e9 mais que um livro; \u00e9 um investimento no seu relacionamento. Al\u00e9m de orienta\u00e7\u00f5es, a autora oferece esperan\u00e7a e inspira\u00e7\u00e3o para que o casamento reflita o verdadeiro prop\u00f3sito de amor, companheirismo e respeito m\u00fatuo. Prepare-se para transformar seu casamento e inspirar todos ao seu redor com a beleza de um compromisso verdadeiramente bem-sucedido.<\/p>\n<p>Gisele Lima \u00e9 formada em Psicologia pela Universidade Luterana do Brasil (Ulbra, Palmas, TO), possui especializa\u00e7\u00e3o em An\u00e1lise Cl\u00ednica do Comportamento pelo Instituto Brasiliense de An\u00e1lise do Comportamento (Ibac, Bras\u00edllia, DF), Master Coach Criacional pelo IGT Internacional Coaching (S\u00e3o Paulo, SP), mestrado e doutorado em Clinical Counseling pela Florida Christian University (Orlando, Fl\u00f3rida, EUA). Gisele \u00e9 casada com Neymar Lima, m\u00e9dico ortopedista. O casal tem dois filhos adultos e reside nos Estados Unidos desde 2013.<\/p>\n","protected":false},"excerpt":{"rendered":"<p>6 atitudes que v\u00e3o revolucionar seu casamento. Em Casamento de sucesso, a Dra. Gisele Lima, com sua vasta experi\u00eancia de&hellip;<\/p>\n","protected":false},"featured_media":346172,"comment_status":"open","ping_status":"closed","template":"","meta":[],"product_cat":[155,134],"product_tag":[],"_links":{"self":[{"href":"https:\/\/www.livrariarema.com.br\/loja\/wp-json\/wp\/v2\/product\/307564"}],"collection":[{"href":"https:\/\/www.livrariarema.com.br\/loja\/wp-json\/wp\/v2\/product"}],"about":[{"href":"https:\/\/www.livrariarema.com.br\/loja\/wp-json\/wp\/v2\/types\/product"}],"replies":[{"embeddable":true,"href":"https:\/\/www.livrariarema.com.br\/loja\/wp-json\/wp\/v2\/comments?post=307564"}],"wp:featuredmedia":[{"embeddable":true,"href":"https:\/\/www.livrariarema.com.br\/loja\/wp-json\/wp\/v2\/media\/346172"}],"wp:attachment":[{"href":"https:\/\/www.livrariarema.com.br\/loja\/wp-json\/wp\/v2\/media?parent=307564"}],"wp:term":[{"taxonomy":"product_cat","embeddable":true,"href":"https:\/\/www.livrariarema.com.br\/loja\/wp-json\/wp\/v2\/product_cat?post=307564"},{"taxonomy":"product_tag","embeddable":true,"href":"https:\/\/www.livrariarema.com.br\/loja\/wp-json\/wp\/v2\/product_tag?post=307564"}],"curies":[{"name":"wp","href":"https:\/\/api.w.org\/{rel}","templated":true}]}}