{"id":307566,"date":"2024-07-26T13:33:46","date_gmt":"2024-07-26T16:33:46","guid":{"rendered":"https:\/\/www.livrariarema.com.br\/loja\/produtos\/sem categoria\/introducao-aos-profetas-hebreus-james-d-nogalski\/"},"modified":"2026-03-13T17:03:51","modified_gmt":"2026-03-13T20:03:51","slug":"introducao-aos-profetas-hebreus-james-d-nogalski","status":"publish","type":"product","link":"https:\/\/www.livrariarema.com.br\/loja\/produtos\/livros\/estudo-biblico\/introducao-aos-profetas-hebreus-james-d-nogalski\/","title":{"rendered":"Introdu\u00e7\u00e3o Aos Profetas Hebreus &#8211; James D. Nogalski"},"content":{"rendered":"<p>Introdu\u00e7\u00e3o aos profetas hebreus &#8211; Compreendendo a profundidade intelectual e espiritual da tradi\u00e7\u00e3o prof\u00e9tica do Antigo Testamento<\/p>\n<p>James Nogalski \u00e9 um erudito excepcionalmente qualificado na interpreta\u00e7\u00e3o dos profetas do antigo Israel. O Dr. Nogalski foca principalmente nas quest\u00f5es substanciais, nos dados hist\u00f3ricos cruciais e oferece um mergulho profundo no conte\u00fado e no contexto hist\u00f3rico dos Profetas Maiores (com exce\u00e7\u00e3o de Daniel) e dos Doze &#8211; de Oseias a Malaquias -, seguindo a ordem tradicional do c\u00e2none hebraico.<\/p>\n<p>Com uma exposi\u00e7\u00e3o clara da composi\u00e7\u00e3o e da fun\u00e7\u00e3o dos escritos prof\u00e9ticos, o Dr. Nogalski ilumina o processo pelo qual esses textos foram reunidos, como eles interagem como composi\u00e7\u00f5es individuais e contribuem para o entendimento do conjunto prof\u00e9tico. O livro \u00e9 ideal para uso acad\u00eamico e inclui um gloss\u00e1rio e quest\u00f5es para discuss\u00e3o, apresentando os fundamentos hist\u00f3ricos, liter\u00e1rios e tem\u00e1ticos necess\u00e1rios para a leitura dos profetas. Trata-se de uma introdu\u00e7\u00e3o abrangente, envolvente, acess\u00edvel, esclarecedora e fundamental para compreender a tradi\u00e7\u00e3o prof\u00e9tica do Antigo Testamento.<\/p>\n<p>Este livro n\u00e3o \u00e9 apenas uma obra de refer\u00eancia; \u00e9 uma jornada de descoberta que real\u00e7a a relev\u00e2ncia dos Profetas Maiores e dos Doze. Em cada cap\u00edtulo, o leitor \u00e9 convidado a ponderar o significado desses textos tanto em seu contexto original quanto em sua aplica\u00e7\u00e3o cont\u00ednua, fornecendo uma nova perspectiva sobre esses livros inspirados que continuam a ressoar sua autoridade divina.<\/p>\n","protected":false},"excerpt":{"rendered":"<p>Introdu\u00e7\u00e3o aos profetas hebreus &#8211; Compreendendo a profundidade intelectual e espiritual da tradi\u00e7\u00e3o prof\u00e9tica do Antigo Testamento James Nogalski \u00e9&hellip;<\/p>\n","protected":false},"featured_media":346173,"comment_status":"open","ping_status":"closed","template":"","meta":[],"product_cat":[161,134],"product_tag":[],"_links":{"self":[{"href":"https:\/\/www.livrariarema.com.br\/loja\/wp-json\/wp\/v2\/product\/307566"}],"collection":[{"href":"https:\/\/www.livrariarema.com.br\/loja\/wp-json\/wp\/v2\/product"}],"about":[{"href":"https:\/\/www.livrariarema.com.br\/loja\/wp-json\/wp\/v2\/types\/product"}],"replies":[{"embeddable":true,"href":"https:\/\/www.livrariarema.com.br\/loja\/wp-json\/wp\/v2\/comments?post=307566"}],"wp:featuredmedia":[{"embeddable":true,"href":"https:\/\/www.livrariarema.com.br\/loja\/wp-json\/wp\/v2\/media\/346173"}],"wp:attachment":[{"href":"https:\/\/www.livrariarema.com.br\/loja\/wp-json\/wp\/v2\/media?parent=307566"}],"wp:term":[{"taxonomy":"product_cat","embeddable":true,"href":"https:\/\/www.livrariarema.com.br\/loja\/wp-json\/wp\/v2\/product_cat?post=307566"},{"taxonomy":"product_tag","embeddable":true,"href":"https:\/\/www.livrariarema.com.br\/loja\/wp-json\/wp\/v2\/product_tag?post=307566"}],"curies":[{"name":"wp","href":"https:\/\/api.w.org\/{rel}","templated":true}]}}