{"id":307574,"date":"2024-07-26T13:49:54","date_gmt":"2024-07-26T16:49:54","guid":{"rendered":"https:\/\/www.livrariarema.com.br\/loja\/produtos\/sem%20categoria\/grande-exercito-de-deus-o-charles-h-spurgeon\/"},"modified":"2026-03-13T17:03:00","modified_gmt":"2026-03-13T20:03:00","slug":"grande-exercito-de-deus-o-charles-h-spurgeon","status":"publish","type":"product","link":"https:\/\/www.livrariarema.com.br\/loja\/produtos\/livros\/sermoes-esbocos\/grande-exercito-de-deus-o-charles-h-spurgeon\/","title":{"rendered":"Grande Ex\u00e9rcito De Deus, O &#8211; Charles H. Spurgeon"},"content":{"rendered":"<p>O grande ex\u00e9rcito de Deus: 10 serm\u00f5es sobre anjos &#8211; Charles H. Spurgeon<\/p>\n<p>Em &#8220;O grande ex\u00e9rcito de Deus&#8221;, Charles H. Spurgeon, aclamado como &#8220;o pr\u00edncipe dos pregadores&#8221;, nos conduz por um fascinante mergulho no mundo angelical. Os anjos, essas magn\u00edficas criaturas que habitam na presen\u00e7a majestosa do Todo-poderoso, sempre exerceram uma profunda fascina\u00e7\u00e3o sobre as pessoas. Spurgeon explora sua import\u00e2ncia, seu papel na obra divina e sua intera\u00e7\u00e3o cont\u00ednua com o povo de Deus.<\/p>\n<p>Neste conjunto de dez serm\u00f5es criteriosamente selecionados, Spurgeon revela diversos aspectos dos anjos, desde o seu interesse pelo evangelho at\u00e9 seu minist\u00e9rio protetor e assistencial em favor dos crentes. Ele nos convida a refletir profundamente sobre a influ\u00eancia desses seres celestiais em nossa vida e na hist\u00f3ria da salva\u00e7\u00e3o.<\/p>\n<p>Ao explorar a conex\u00e3o entre os reinos espiritual e f\u00edsico, Spurgeon desafia seus leitores a viverem de forma digna do escrut\u00ednio angelical, aproveitando a assist\u00eancia sobrenatural dispon\u00edvel para os seguidores de Cristo. Estes serm\u00f5es, que encantaram os ouvintes de Spurgeon no s\u00e9culo 19, continuam a ressoar como uma fonte de inspira\u00e7\u00e3o e edifica\u00e7\u00e3o para os amantes das Escrituras na atualidade.<\/p>\n<p>&#8220;O grande ex\u00e9rcito de Deus&#8221; \u00e9 mais do que apenas uma explora\u00e7\u00e3o teol\u00f3gica sobre os anjos; \u00e9 um convite para que os leitores transformem sua compreens\u00e3o da obra divina e fortale\u00e7am sua confian\u00e7a no grandioso ex\u00e9rcito de Deus que nos envolve e nos protege.<\/p>\n","protected":false},"excerpt":{"rendered":"<p>O grande ex\u00e9rcito de Deus: 10 serm\u00f5es sobre anjos &#8211; Charles H. Spurgeon Em &#8220;O grande ex\u00e9rcito de Deus&#8221;, Charles&hellip;<\/p>\n","protected":false},"featured_media":346169,"comment_status":"open","ping_status":"closed","template":"","meta":[],"product_cat":[134,195],"product_tag":[],"_links":{"self":[{"href":"https:\/\/www.livrariarema.com.br\/loja\/wp-json\/wp\/v2\/product\/307574"}],"collection":[{"href":"https:\/\/www.livrariarema.com.br\/loja\/wp-json\/wp\/v2\/product"}],"about":[{"href":"https:\/\/www.livrariarema.com.br\/loja\/wp-json\/wp\/v2\/types\/product"}],"replies":[{"embeddable":true,"href":"https:\/\/www.livrariarema.com.br\/loja\/wp-json\/wp\/v2\/comments?post=307574"}],"wp:featuredmedia":[{"embeddable":true,"href":"https:\/\/www.livrariarema.com.br\/loja\/wp-json\/wp\/v2\/media\/346169"}],"wp:attachment":[{"href":"https:\/\/www.livrariarema.com.br\/loja\/wp-json\/wp\/v2\/media?parent=307574"}],"wp:term":[{"taxonomy":"product_cat","embeddable":true,"href":"https:\/\/www.livrariarema.com.br\/loja\/wp-json\/wp\/v2\/product_cat?post=307574"},{"taxonomy":"product_tag","embeddable":true,"href":"https:\/\/www.livrariarema.com.br\/loja\/wp-json\/wp\/v2\/product_tag?post=307574"}],"curies":[{"name":"wp","href":"https:\/\/api.w.org\/{rel}","templated":true}]}}