{"id":307611,"date":"2024-07-26T14:37:16","date_gmt":"2024-07-26T17:37:16","guid":{"rendered":"https:\/\/www.livrariarema.com.br\/loja\/produtos\/sem categoria\/folha-de-cristal-laura-prado\/"},"modified":"2024-11-19T12:48:25","modified_gmt":"2024-11-19T15:48:25","slug":"folha-de-cristal-laura-prado","status":"publish","type":"product","link":"https:\/\/www.livrariarema.com.br\/loja\/produtos\/livros\/ficcao\/folha-de-cristal-laura-prado\/","title":{"rendered":"Folha De Cristal &#8211; Laura Prado"},"content":{"rendered":"<p>Rebeca vive uma rotina desgastante ao lado do pai e da madrasta. Mari, sua meia&#8209;irm\u00e3, \u00e9 seu principal motivo para acordar todos os dias. Mas nem mesmo a garotinha \u00e9 capaz de faz\u00ea&#8209;la esquecer os maus momentos e, depois de um dia particularmente dif\u00edcil, Rebeca sucumbe \u00e0 alternativa mais f\u00e1cil que encontra: os comprimidos que sua m\u00e3e se recusou a tomar anos antes. Mal sabia ela que eles s\u00e3o, na verdade, a porta de entrada para a Floresta de Cristal, um ambiente m\u00e1gico onde poder\u00e1 encontrar as li\u00e7\u00f5es de que precisar\u00e1 se quiser salvar a irm\u00e3 de uma inf\u00e2ncia pior do que a sua.<\/p>\n","protected":false},"excerpt":{"rendered":"<p>Rebeca vive uma rotina desgastante ao lado do pai e da madrasta. Mari, sua meia&#8209;irm\u00e3, \u00e9 seu principal motivo para&hellip;<\/p>\n","protected":false},"featured_media":311155,"comment_status":"open","ping_status":"closed","template":"","meta":[],"product_cat":[162,134],"product_tag":[],"_links":{"self":[{"href":"https:\/\/www.livrariarema.com.br\/loja\/wp-json\/wp\/v2\/product\/307611"}],"collection":[{"href":"https:\/\/www.livrariarema.com.br\/loja\/wp-json\/wp\/v2\/product"}],"about":[{"href":"https:\/\/www.livrariarema.com.br\/loja\/wp-json\/wp\/v2\/types\/product"}],"replies":[{"embeddable":true,"href":"https:\/\/www.livrariarema.com.br\/loja\/wp-json\/wp\/v2\/comments?post=307611"}],"wp:featuredmedia":[{"embeddable":true,"href":"https:\/\/www.livrariarema.com.br\/loja\/wp-json\/wp\/v2\/media\/311155"}],"wp:attachment":[{"href":"https:\/\/www.livrariarema.com.br\/loja\/wp-json\/wp\/v2\/media?parent=307611"}],"wp:term":[{"taxonomy":"product_cat","embeddable":true,"href":"https:\/\/www.livrariarema.com.br\/loja\/wp-json\/wp\/v2\/product_cat?post=307611"},{"taxonomy":"product_tag","embeddable":true,"href":"https:\/\/www.livrariarema.com.br\/loja\/wp-json\/wp\/v2\/product_tag?post=307611"}],"curies":[{"name":"wp","href":"https:\/\/api.w.org\/{rel}","templated":true}]}}