{"id":307620,"date":"2024-07-26T14:37:55","date_gmt":"2024-07-26T17:37:55","guid":{"rendered":"https:\/\/www.livrariarema.com.br\/loja\/produtos\/sem categoria\/geltilmente-amor-diversos-autores\/"},"modified":"2025-10-15T14:30:41","modified_gmt":"2025-10-15T17:30:41","slug":"geltilmente-amor-diversos-autores","status":"publish","type":"product","link":"https:\/\/www.livrariarema.com.br\/loja\/produtos\/livros\/ficcao\/geltilmente-amor-diversos-autores\/","title":{"rendered":"Geltilmente Amor &#8211; Diversos Autores"},"content":{"rendered":"<p>\u00c0s vezes, tudo o que precisamos fazer \u00e9 aceitar um convite.<\/p>\n<p>Olivia, Lorena, Madalena e V\u00edvian s\u00e3o as convidadas do amor nesta colet\u00e2nea de contos. As narrativas relatam as hist\u00f3rias rom\u00e2nticas de cada uma delas, desde o tempo de espera at\u00e9 a chegada do convite inesperado.<\/p>\n<p>Entretanto, o Amor n\u00e3o as informou que para amar \u00e9 preciso ter coragem. Seja um drag\u00e3o, o medo de errar de novo, a desconfian\u00e7a ou a inseguran\u00e7a, a verdade \u00e9 que, depois de aceitar um convite como este, s\u00f3 resta o ato de amar.<\/p>\n","protected":false},"excerpt":{"rendered":"<p>\u00c0s vezes, tudo o que precisamos fazer \u00e9 aceitar um convite. Olivia, Lorena, Madalena e V\u00edvian s\u00e3o as convidadas do&hellip;<\/p>\n","protected":false},"featured_media":311159,"comment_status":"open","ping_status":"closed","template":"","meta":[],"product_cat":[162,134],"product_tag":[],"_links":{"self":[{"href":"https:\/\/www.livrariarema.com.br\/loja\/wp-json\/wp\/v2\/product\/307620"}],"collection":[{"href":"https:\/\/www.livrariarema.com.br\/loja\/wp-json\/wp\/v2\/product"}],"about":[{"href":"https:\/\/www.livrariarema.com.br\/loja\/wp-json\/wp\/v2\/types\/product"}],"replies":[{"embeddable":true,"href":"https:\/\/www.livrariarema.com.br\/loja\/wp-json\/wp\/v2\/comments?post=307620"}],"wp:featuredmedia":[{"embeddable":true,"href":"https:\/\/www.livrariarema.com.br\/loja\/wp-json\/wp\/v2\/media\/311159"}],"wp:attachment":[{"href":"https:\/\/www.livrariarema.com.br\/loja\/wp-json\/wp\/v2\/media?parent=307620"}],"wp:term":[{"taxonomy":"product_cat","embeddable":true,"href":"https:\/\/www.livrariarema.com.br\/loja\/wp-json\/wp\/v2\/product_cat?post=307620"},{"taxonomy":"product_tag","embeddable":true,"href":"https:\/\/www.livrariarema.com.br\/loja\/wp-json\/wp\/v2\/product_tag?post=307620"}],"curies":[{"name":"wp","href":"https:\/\/api.w.org\/{rel}","templated":true}]}}