{"id":307624,"date":"2024-07-26T14:38:10","date_gmt":"2024-07-26T17:38:10","guid":{"rendered":"https:\/\/www.livrariarema.com.br\/loja\/produtos\/sem categoria\/contos-dos-dias-talita-caroline\/"},"modified":"2026-04-17T18:11:21","modified_gmt":"2026-04-17T21:11:21","slug":"contos-dos-dias-talita-caroline","status":"publish","type":"product","link":"https:\/\/www.livrariarema.com.br\/loja\/produtos\/livros\/ficcao\/contos-dos-dias-talita-caroline\/","title":{"rendered":"Contos Dos Dias &#8211; Talita Caroline"},"content":{"rendered":"<p>Uma chama in\u00e9dita se acende em Beatriz ao ler o livro que encontrou na rec\u00e9m-reformada casa de f\u00e9rias de sua fam\u00edlia. Sempre gostou de ler, mas nunca um livro havia prendido tanto sua aten\u00e7\u00e3o. O mais intrigante \u00e9 que aquele n\u00e3o era um livro que Beatriz havia escolhido nas prateleiras de uma grande loja, com uma bela capa e uma sinopse emocionante. Ele a havia atra\u00eddo, simplesmente, pela ess\u00eancia do que cont\u00e9m um livro: o conjunto de suas palavras, formando frases e hist\u00f3rias , significando muito. A instigante leitura, no entanto, \u00e9 misteriosamente interrompida quando um animal furta sua bolsa. Nesse momento, o caminho dela se cruza com o de Davi, que corajosamente recupera seus pertences. Mas os habitantes daquela enigm\u00e1tica cidade t\u00eam vers\u00f5es conflitantes sobre esse resgatador e suas hist\u00f3rias incr\u00edveis, de mundos novos e portais secretos. Em quem ela pode confiar? Acompanhe Beatriz em sua fant\u00e1stica e envolvente busca pela verdade no Conto Dos Dias.<\/p>\n","protected":false},"excerpt":{"rendered":"<p>Uma chama in\u00e9dita se acende em Beatriz ao ler o livro que encontrou na rec\u00e9m-reformada casa de f\u00e9rias de sua&hellip;<\/p>\n","protected":false},"featured_media":311171,"comment_status":"open","ping_status":"closed","template":"","meta":[],"product_cat":[162,134],"product_tag":[],"_links":{"self":[{"href":"https:\/\/www.livrariarema.com.br\/loja\/wp-json\/wp\/v2\/product\/307624"}],"collection":[{"href":"https:\/\/www.livrariarema.com.br\/loja\/wp-json\/wp\/v2\/product"}],"about":[{"href":"https:\/\/www.livrariarema.com.br\/loja\/wp-json\/wp\/v2\/types\/product"}],"replies":[{"embeddable":true,"href":"https:\/\/www.livrariarema.com.br\/loja\/wp-json\/wp\/v2\/comments?post=307624"}],"wp:featuredmedia":[{"embeddable":true,"href":"https:\/\/www.livrariarema.com.br\/loja\/wp-json\/wp\/v2\/media\/311171"}],"wp:attachment":[{"href":"https:\/\/www.livrariarema.com.br\/loja\/wp-json\/wp\/v2\/media?parent=307624"}],"wp:term":[{"taxonomy":"product_cat","embeddable":true,"href":"https:\/\/www.livrariarema.com.br\/loja\/wp-json\/wp\/v2\/product_cat?post=307624"},{"taxonomy":"product_tag","embeddable":true,"href":"https:\/\/www.livrariarema.com.br\/loja\/wp-json\/wp\/v2\/product_tag?post=307624"}],"curies":[{"name":"wp","href":"https:\/\/api.w.org\/{rel}","templated":true}]}}