{"id":307855,"date":"2024-07-29T10:47:26","date_gmt":"2024-07-29T13:47:26","guid":{"rendered":"https:\/\/www.livrariarema.com.br\/loja\/produtos\/sem categoria\/garrafa-termica-hydra-500ml-insista-persista\/"},"modified":"2024-11-23T10:28:06","modified_gmt":"2024-11-23T13:28:06","slug":"garrafa-termica-hydra-500ml-insista-persista","status":"publish","type":"product","link":"https:\/\/www.livrariarema.com.br\/loja\/produtos\/diversos\/garrafa-termica\/garrafa-termica-hydra-500ml-insista-persista\/","title":{"rendered":"Garrafa T\u00e9rmica &#8211; Hydra &#8211; 500Ml &#8211; Insista Persista"},"content":{"rendered":"<p>Preocupado com a hidrata\u00e7\u00e3o? Com a Garrafa Hydra, voc\u00ea nunca mais vai esquecer de beber \u00e1gua! Possui detalhes apaixonantes e um tamanho compacto que cabe em qualquer cantinho.<\/p>\n<p>Caracter\u00edsticas da Garrafa Hydra:<br \/>\nImportada: Qualidade garantida com corpo feito em a\u00e7o inoxid\u00e1vel.<br \/>\nManuten\u00e7\u00e3o da Temperatura: Mant\u00e9m sua bebida quente por at\u00e9 12 horas e fria por at\u00e9 24 horas.<br \/>\nErgonomia: Excelente pegada para segurar a garrafa com conforto.<\/p>\n","protected":false},"excerpt":{"rendered":"<p>Preocupado com a hidrata\u00e7\u00e3o? Com a Garrafa Hydra, voc\u00ea nunca mais vai esquecer de beber \u00e1gua! Possui detalhes apaixonantes e&hellip;<\/p>\n","protected":false},"featured_media":308773,"comment_status":"open","ping_status":"closed","template":"","meta":[],"product_cat":[132,242],"product_tag":[],"_links":{"self":[{"href":"https:\/\/www.livrariarema.com.br\/loja\/wp-json\/wp\/v2\/product\/307855"}],"collection":[{"href":"https:\/\/www.livrariarema.com.br\/loja\/wp-json\/wp\/v2\/product"}],"about":[{"href":"https:\/\/www.livrariarema.com.br\/loja\/wp-json\/wp\/v2\/types\/product"}],"replies":[{"embeddable":true,"href":"https:\/\/www.livrariarema.com.br\/loja\/wp-json\/wp\/v2\/comments?post=307855"}],"wp:featuredmedia":[{"embeddable":true,"href":"https:\/\/www.livrariarema.com.br\/loja\/wp-json\/wp\/v2\/media\/308773"}],"wp:attachment":[{"href":"https:\/\/www.livrariarema.com.br\/loja\/wp-json\/wp\/v2\/media?parent=307855"}],"wp:term":[{"taxonomy":"product_cat","embeddable":true,"href":"https:\/\/www.livrariarema.com.br\/loja\/wp-json\/wp\/v2\/product_cat?post=307855"},{"taxonomy":"product_tag","embeddable":true,"href":"https:\/\/www.livrariarema.com.br\/loja\/wp-json\/wp\/v2\/product_tag?post=307855"}],"curies":[{"name":"wp","href":"https:\/\/api.w.org\/{rel}","templated":true}]}}