{"id":307962,"date":"2024-07-29T11:57:54","date_gmt":"2024-07-29T14:57:54","guid":{"rendered":"https:\/\/www.livrariarema.com.br\/loja\/produtos\/sem%20categoria\/a-igreja-apoiou-hitler-willibaldo-ruppenthal\/"},"modified":"2026-02-24T13:51:01","modified_gmt":"2026-02-24T16:51:01","slug":"a-igreja-apoiou-hitler-willibaldo-ruppenthal","status":"publish","type":"product","link":"https:\/\/www.livrariarema.com.br\/loja\/produtos\/livros\/historia\/a-igreja-apoiou-hitler-willibaldo-ruppenthal\/","title":{"rendered":"A Igreja Apoiou Hitler? &#8211; Willibaldo Ruppenthal"},"content":{"rendered":"<p>Uma vez que o povo alem\u00e3o era majoritariamente crist\u00e3o na \u00e9poca do nazismo, isso quer dizer que a Igreja apoiou Hitler? Qual a import\u00e2ncia de estudarmos o tema hoje?<\/p>\n<p>Na Alemanha de 1933, quase a totalidade da popula\u00e7\u00e3o era composta por crist\u00e3os batizados e dizimistas em igrejas cat\u00f3licas e protestantes. Ainda assim, Adolf Hitler ascendeu ao poder &#8211; e n\u00e3o de forma autorit\u00e1ria. Todos n\u00f3s sabemos o que ocorreu nos anos seguintes, e, atualmente, os crist\u00e3os s\u00e3o enf\u00e1ticos em sua rejei\u00e7\u00e3o ao nazismo e a seu l\u00edder. Mas talvez seja hora de olharmos para o passado e nos perguntarmos: &#8220;Como Hitler conseguiu chegar ao poder e qual foi a participa\u00e7\u00e3o da Igreja nesse processo?&#8221;.<br \/>\nEm A Igreja apoiou Hitler?, o pastor e historiador Willibaldo Rupphental responde a essas e a outras perguntas. Para tanto, o autor busca esclarecer quem eram os crist\u00e3os daquela \u00e9poca, quais eram seus anseios e frustra\u00e7\u00f5es, como se deu a ascens\u00e3o de Hitler e como foi a rela\u00e7\u00e3o do regime nazista com a Igreja. Ruppenthal ressalta a import\u00e2ncia de enfrentarmos a hist\u00f3ria n\u00e3o apenas por curiosidade ou como um exerc\u00edcio te\u00f3rico, mas para evitarmos que erros cometidos no passado se repitam e para reconhecermos que, em nossa condi\u00e7\u00e3o ca\u00edda, todos somos capazes de praticar &#8211; ou apoiar &#8211; o mal.<\/p>\n","protected":false},"excerpt":{"rendered":"<p>Uma vez que o povo alem\u00e3o era majoritariamente crist\u00e3o na \u00e9poca do nazismo, isso quer dizer que a Igreja apoiou&hellip;<\/p>\n","protected":false},"featured_media":345365,"comment_status":"open","ping_status":"closed","template":"","meta":[],"product_cat":[194,134],"product_tag":[],"_links":{"self":[{"href":"https:\/\/www.livrariarema.com.br\/loja\/wp-json\/wp\/v2\/product\/307962"}],"collection":[{"href":"https:\/\/www.livrariarema.com.br\/loja\/wp-json\/wp\/v2\/product"}],"about":[{"href":"https:\/\/www.livrariarema.com.br\/loja\/wp-json\/wp\/v2\/types\/product"}],"replies":[{"embeddable":true,"href":"https:\/\/www.livrariarema.com.br\/loja\/wp-json\/wp\/v2\/comments?post=307962"}],"wp:featuredmedia":[{"embeddable":true,"href":"https:\/\/www.livrariarema.com.br\/loja\/wp-json\/wp\/v2\/media\/345365"}],"wp:attachment":[{"href":"https:\/\/www.livrariarema.com.br\/loja\/wp-json\/wp\/v2\/media?parent=307962"}],"wp:term":[{"taxonomy":"product_cat","embeddable":true,"href":"https:\/\/www.livrariarema.com.br\/loja\/wp-json\/wp\/v2\/product_cat?post=307962"},{"taxonomy":"product_tag","embeddable":true,"href":"https:\/\/www.livrariarema.com.br\/loja\/wp-json\/wp\/v2\/product_tag?post=307962"}],"curies":[{"name":"wp","href":"https:\/\/api.w.org\/{rel}","templated":true}]}}