{"id":308118,"date":"2024-07-30T11:14:14","date_gmt":"2024-07-30T14:14:14","guid":{"rendered":"https:\/\/www.livrariarema.com.br\/loja\/produtos\/sem%20categoria\/biblia-arc-luxo-letra-hiper-gigante-preta\/"},"modified":"2026-02-11T13:43:49","modified_gmt":"2026-02-11T16:43:49","slug":"biblia-arc-luxo-letra-hiper-gigante-preta","status":"publish","type":"product","link":"https:\/\/www.livrariarema.com.br\/loja\/produtos\/biblias\/revista-corrigida-biblias\/biblia-arc-luxo-letra-hiper-gigante-preta\/","title":{"rendered":"B\u00edblia &#8211; Rc &#8211; Luxo &#8211; Letra Hiper Gigante &#8211; Preta"},"content":{"rendered":"<p>Excelente para quem deseja presentear aquela pessoa especial com algo que ela jamais vai esquecer: a Palavra de Deus! Essa B\u00edblia vem acompanhada de uma linda caixa e est\u00e1 na vers\u00e3o Revista e Corrigida.<\/p>\n","protected":false},"excerpt":{"rendered":"<p>Excelente para quem deseja presentear aquela pessoa especial com algo que ela jamais vai esquecer: a Palavra de Deus! Essa&hellip;<\/p>\n","protected":false},"featured_media":344285,"comment_status":"open","ping_status":"closed","template":"","meta":[],"product_cat":[139,149],"product_tag":[],"_links":{"self":[{"href":"https:\/\/www.livrariarema.com.br\/loja\/wp-json\/wp\/v2\/product\/308118"}],"collection":[{"href":"https:\/\/www.livrariarema.com.br\/loja\/wp-json\/wp\/v2\/product"}],"about":[{"href":"https:\/\/www.livrariarema.com.br\/loja\/wp-json\/wp\/v2\/types\/product"}],"replies":[{"embeddable":true,"href":"https:\/\/www.livrariarema.com.br\/loja\/wp-json\/wp\/v2\/comments?post=308118"}],"wp:featuredmedia":[{"embeddable":true,"href":"https:\/\/www.livrariarema.com.br\/loja\/wp-json\/wp\/v2\/media\/344285"}],"wp:attachment":[{"href":"https:\/\/www.livrariarema.com.br\/loja\/wp-json\/wp\/v2\/media?parent=308118"}],"wp:term":[{"taxonomy":"product_cat","embeddable":true,"href":"https:\/\/www.livrariarema.com.br\/loja\/wp-json\/wp\/v2\/product_cat?post=308118"},{"taxonomy":"product_tag","embeddable":true,"href":"https:\/\/www.livrariarema.com.br\/loja\/wp-json\/wp\/v2\/product_tag?post=308118"}],"curies":[{"name":"wp","href":"https:\/\/api.w.org\/{rel}","templated":true}]}}