{"id":308132,"date":"2024-07-30T11:15:05","date_gmt":"2024-07-30T14:15:05","guid":{"rendered":"https:\/\/www.livrariarema.com.br\/loja\/produtos\/sem categoria\/biblia-de-estudo-do-discipulo-capa-flexivel-masculina\/"},"modified":"2025-03-05T16:07:11","modified_gmt":"2025-03-05T19:07:11","slug":"biblia-de-estudo-do-discipulo-capa-flexivel-masculina","status":"publish","type":"product","link":"https:\/\/www.livrariarema.com.br\/loja\/produtos\/biblias\/estudo\/biblia-de-estudo-do-discipulo-capa-flexivel-masculina\/","title":{"rendered":"B\u00edblia De Estudo Do Disc\u00edpulo &#8211; Capa Flex\u00edvel &#8211; Masculina"},"content":{"rendered":"<p>O crescimento espiritual e no conhecimento das Sagradas Escrituras \u00e9 o objetivo de todo crist\u00e3o consciente de sua f\u00e9 &#8211; e a B\u00edblia de Estudo do Disc\u00edpulo, da GEOGR\u00c1FICA EDITORA, \u00e9 fundamental nesse processo. Com destaque para algumas dos principais aspectos doutrin\u00e1rios do Cristianismo &#8211; revela\u00e7\u00e3o, salva\u00e7\u00e3o, adora\u00e7\u00e3o, pecado e ora\u00e7\u00e3o, entre outros -, \u00e9 uma obra que promove conhecimento teol\u00f3gico, devo\u00e7\u00e3o pessoal e discipulado. Independentemente do est\u00e1gio de vida crist\u00e3 em que se encontra o leitor, seja ele novo convertido ou j\u00e1 experiente na caminhada com Cristo, a B\u00edblia de Estudo do Disc\u00edpulo lan\u00e7a novas luzes sobre os ensinos da Palavra, estimulando a santifica\u00e7\u00e3o e o desenvolvimento das disciplinas espirituais. Editada na vers\u00e3o luxo, a B\u00edblia de Estudo do Disc\u00edpulo leva o leitor a ser praticante da Palavra, e n\u00e3o somente ouvinte, como admoesta a Ep\u00edstola de Tiago.<\/p>\n","protected":false},"excerpt":{"rendered":"<p>O crescimento espiritual e no conhecimento das Sagradas Escrituras \u00e9 o objetivo de todo crist\u00e3o consciente de sua f\u00e9 &#8211;&hellip;<\/p>\n","protected":false},"featured_media":326521,"comment_status":"open","ping_status":"closed","template":"","meta":[],"product_cat":[139,140],"product_tag":[],"_links":{"self":[{"href":"https:\/\/www.livrariarema.com.br\/loja\/wp-json\/wp\/v2\/product\/308132"}],"collection":[{"href":"https:\/\/www.livrariarema.com.br\/loja\/wp-json\/wp\/v2\/product"}],"about":[{"href":"https:\/\/www.livrariarema.com.br\/loja\/wp-json\/wp\/v2\/types\/product"}],"replies":[{"embeddable":true,"href":"https:\/\/www.livrariarema.com.br\/loja\/wp-json\/wp\/v2\/comments?post=308132"}],"wp:featuredmedia":[{"embeddable":true,"href":"https:\/\/www.livrariarema.com.br\/loja\/wp-json\/wp\/v2\/media\/326521"}],"wp:attachment":[{"href":"https:\/\/www.livrariarema.com.br\/loja\/wp-json\/wp\/v2\/media?parent=308132"}],"wp:term":[{"taxonomy":"product_cat","embeddable":true,"href":"https:\/\/www.livrariarema.com.br\/loja\/wp-json\/wp\/v2\/product_cat?post=308132"},{"taxonomy":"product_tag","embeddable":true,"href":"https:\/\/www.livrariarema.com.br\/loja\/wp-json\/wp\/v2\/product_tag?post=308132"}],"curies":[{"name":"wp","href":"https:\/\/api.w.org\/{rel}","templated":true}]}}