{"id":308176,"date":"2024-07-30T11:18:38","date_gmt":"2024-07-30T14:18:38","guid":{"rendered":"https:\/\/www.livrariarema.com.br\/loja\/produtos\/sem categoria\/biblia-epica-aaron-armstrong\/"},"modified":"2025-07-11T13:50:43","modified_gmt":"2025-07-11T16:50:43","slug":"biblia-epica-aaron-armstrong","status":"publish","type":"product","link":"https:\/\/www.livrariarema.com.br\/loja\/produtos\/livros\/infantil-biblia\/biblia-epica-aaron-armstrong\/","title":{"rendered":"Biblia \u00c9pica &#8211; Aaron Armstrong"},"content":{"rendered":"<p>Explore uma nova maneira emocionante de mergulhar na hist\u00f3ria b\u00edblica com a B\u00edblia \u00c9pica. Repleta de ilustra\u00e7\u00f5es v\u00edvidas e narrativas envolventes, esta obra oferece 40 hist\u00f3rias repletas de quest\u00f5es para reflex\u00e3o pessoal, tornando os eventos b\u00edblicos mais acess\u00edveis e relevantes para a juventude contempor\u00e2nea. Da cria\u00e7\u00e3o \u00e0 reden\u00e7\u00e3o, acompanhe a fascinante jornada do plano divino para salvar o mundo atrav\u00e9s da vida, morte e ressurrei\u00e7\u00e3o de Jesus. Com seu estilo de quadrinhos, este livro capta a imagina\u00e7\u00e3o de crian\u00e7as mais velhas e pr\u00e9-adolescentes, proporcionando uma ferramenta \u00fanica para os pais se conectarem com seus filhos e explorarem juntos a mensagem eterna da Palavra de Deus.<\/p>\n","protected":false},"excerpt":{"rendered":"<p>Explore uma nova maneira emocionante de mergulhar na hist\u00f3ria b\u00edblica com a B\u00edblia \u00c9pica. Repleta de ilustra\u00e7\u00f5es v\u00edvidas e narrativas&hellip;<\/p>\n","protected":false},"featured_media":326041,"comment_status":"open","ping_status":"closed","template":"","meta":[],"product_cat":[165,134],"product_tag":[],"_links":{"self":[{"href":"https:\/\/www.livrariarema.com.br\/loja\/wp-json\/wp\/v2\/product\/308176"}],"collection":[{"href":"https:\/\/www.livrariarema.com.br\/loja\/wp-json\/wp\/v2\/product"}],"about":[{"href":"https:\/\/www.livrariarema.com.br\/loja\/wp-json\/wp\/v2\/types\/product"}],"replies":[{"embeddable":true,"href":"https:\/\/www.livrariarema.com.br\/loja\/wp-json\/wp\/v2\/comments?post=308176"}],"wp:featuredmedia":[{"embeddable":true,"href":"https:\/\/www.livrariarema.com.br\/loja\/wp-json\/wp\/v2\/media\/326041"}],"wp:attachment":[{"href":"https:\/\/www.livrariarema.com.br\/loja\/wp-json\/wp\/v2\/media?parent=308176"}],"wp:term":[{"taxonomy":"product_cat","embeddable":true,"href":"https:\/\/www.livrariarema.com.br\/loja\/wp-json\/wp\/v2\/product_cat?post=308176"},{"taxonomy":"product_tag","embeddable":true,"href":"https:\/\/www.livrariarema.com.br\/loja\/wp-json\/wp\/v2\/product_tag?post=308176"}],"curies":[{"name":"wp","href":"https:\/\/api.w.org\/{rel}","templated":true}]}}