{"id":308211,"date":"2024-07-30T14:45:29","date_gmt":"2024-07-30T17:45:29","guid":{"rendered":"https:\/\/www.livrariarema.com.br\/loja\/produtos\/sem categoria\/biblia-king-james-1611-luxo-letra-normal-preta\/"},"modified":"2025-08-14T15:30:44","modified_gmt":"2025-08-14T18:30:44","slug":"biblia-king-james-1611-luxo-letra-normal-preta","status":"publish","type":"product","link":"https:\/\/www.livrariarema.com.br\/loja\/produtos\/biblias\/king-james\/biblia-king-james-1611-luxo-letra-normal-preta\/","title":{"rendered":"B\u00edblia &#8211; King James 1611 &#8211; Luxo &#8211; Letra Normal &#8211; Preta"},"content":{"rendered":"<p>A B\u00edblia King James de 1611 \u00e9 descrita como uma das publica\u00e7\u00f5es mais importantes da hist\u00f3ria, e tamb\u00e9m a mais fiel ao Textus Receptus. O rei James I da Inglaterra reuniu os maiores estudiosos religiosos e linguistas para uma nova tradu\u00e7\u00e3o da B\u00edblia, a fim de estabelecer a tradu\u00e7\u00e3o mais precisa e mais digna at\u00e9 \u00e0 data. Ele nomeou 54 estudiosos para trabalhar na tradu\u00e7\u00e3o, e 47 trabalharam em seis grupos em tr\u00eas locais por sete anos.<br \/>\nAp\u00f3s a conclus\u00e3o, a B\u00edblia King James foi impressa pela primeira vez em 1611 por Robert Barker. A B\u00edblia era muito grande, cerca de 40cm de altura. Por causa do alto custo e valor, foi anunciado para as igrejas que a B\u00edblia devia ser acorrentada nos p\u00falpitos.<br \/>\nA B\u00edblia 1611 foi autorizada para ser lida nas igrejas, raz\u00e3o pela qual foi chamada de Vers\u00e3o Autorizada. Enfim, chegou a vers\u00e3o BKJ em portugu\u00eas.<\/p>\n","protected":false},"excerpt":{"rendered":"<p>A B\u00edblia King James de 1611 \u00e9 descrita como uma das publica\u00e7\u00f5es mais importantes da hist\u00f3ria, e tamb\u00e9m a mais&hellip;<\/p>\n","protected":false},"featured_media":325836,"comment_status":"open","ping_status":"closed","template":"","meta":[],"product_cat":[139,233],"product_tag":[],"_links":{"self":[{"href":"https:\/\/www.livrariarema.com.br\/loja\/wp-json\/wp\/v2\/product\/308211"}],"collection":[{"href":"https:\/\/www.livrariarema.com.br\/loja\/wp-json\/wp\/v2\/product"}],"about":[{"href":"https:\/\/www.livrariarema.com.br\/loja\/wp-json\/wp\/v2\/types\/product"}],"replies":[{"embeddable":true,"href":"https:\/\/www.livrariarema.com.br\/loja\/wp-json\/wp\/v2\/comments?post=308211"}],"wp:featuredmedia":[{"embeddable":true,"href":"https:\/\/www.livrariarema.com.br\/loja\/wp-json\/wp\/v2\/media\/325836"}],"wp:attachment":[{"href":"https:\/\/www.livrariarema.com.br\/loja\/wp-json\/wp\/v2\/media?parent=308211"}],"wp:term":[{"taxonomy":"product_cat","embeddable":true,"href":"https:\/\/www.livrariarema.com.br\/loja\/wp-json\/wp\/v2\/product_cat?post=308211"},{"taxonomy":"product_tag","embeddable":true,"href":"https:\/\/www.livrariarema.com.br\/loja\/wp-json\/wp\/v2\/product_tag?post=308211"}],"curies":[{"name":"wp","href":"https:\/\/api.w.org\/{rel}","templated":true}]}}