{"id":308223,"date":"2024-07-30T14:46:07","date_gmt":"2024-07-30T17:46:07","guid":{"rendered":"https:\/\/www.livrariarema.com.br\/loja\/produtos\/sem categoria\/biblia-nvi-letra-grande-semi-luxo-promessas-divinas\/"},"modified":"2026-03-16T13:20:24","modified_gmt":"2026-03-16T16:20:24","slug":"biblia-nvi-letra-grande-semi-luxo-promessas-divinas","status":"publish","type":"product","link":"https:\/\/www.livrariarema.com.br\/loja\/produtos\/biblias\/nvi\/biblia-nvi-letra-grande-semi-luxo-promessas-divinas\/","title":{"rendered":"B\u00edblia &#8211; Nvi &#8211; Letra Grande &#8211; Semi Luxo &#8211; Promessas Divinas"},"content":{"rendered":"<p>Esta \u00e9 a B\u00edblia Sagrada com a vers\u00e3o NVI (Nova Vers\u00e3o Internacional), uma das mais modernas tradu\u00e7\u00f5es que valoriza a clareza do texto, permanecendo fiel aos Escritos originais. Proporciona ao leitor uma linguagem mais atual e fluente.<\/p>\n","protected":false},"excerpt":{"rendered":"<p>Esta \u00e9 a B\u00edblia Sagrada com a vers\u00e3o NVI (Nova Vers\u00e3o Internacional), uma das mais modernas tradu\u00e7\u00f5es que valoriza a&hellip;<\/p>\n","protected":false},"featured_media":340776,"comment_status":"open","ping_status":"closed","template":"","meta":[],"product_cat":[139,166],"product_tag":[],"_links":{"self":[{"href":"https:\/\/www.livrariarema.com.br\/loja\/wp-json\/wp\/v2\/product\/308223"}],"collection":[{"href":"https:\/\/www.livrariarema.com.br\/loja\/wp-json\/wp\/v2\/product"}],"about":[{"href":"https:\/\/www.livrariarema.com.br\/loja\/wp-json\/wp\/v2\/types\/product"}],"replies":[{"embeddable":true,"href":"https:\/\/www.livrariarema.com.br\/loja\/wp-json\/wp\/v2\/comments?post=308223"}],"wp:featuredmedia":[{"embeddable":true,"href":"https:\/\/www.livrariarema.com.br\/loja\/wp-json\/wp\/v2\/media\/340776"}],"wp:attachment":[{"href":"https:\/\/www.livrariarema.com.br\/loja\/wp-json\/wp\/v2\/media?parent=308223"}],"wp:term":[{"taxonomy":"product_cat","embeddable":true,"href":"https:\/\/www.livrariarema.com.br\/loja\/wp-json\/wp\/v2\/product_cat?post=308223"},{"taxonomy":"product_tag","embeddable":true,"href":"https:\/\/www.livrariarema.com.br\/loja\/wp-json\/wp\/v2\/product_tag?post=308223"}],"curies":[{"name":"wp","href":"https:\/\/api.w.org\/{rel}","templated":true}]}}